{"id":24974,"date":"2023-11-23T14:20:21","date_gmt":"2023-11-23T15:20:21","guid":{"rendered":"https:\/\/zarauzkohiribusa.eus\/movilidad-zarautz\/"},"modified":"2024-10-05T15:11:06","modified_gmt":"2024-10-05T16:11:06","slug":"movilidad-zarautz","status":"publish","type":"page","link":"https:\/\/zarauzkohiribusa.eus\/es\/movilidad-zarautz\/","title":{"rendered":"MOVILIDAD ZARAUTZ"},"content":{"rendered":"\t\t<div data-elementor-type=\"wp-page\" data-elementor-id=\"24974\" class=\"elementor elementor-24974 elementor-23454\" data-elementor-post-type=\"page\">\n\t\t\t\t<div class=\"elementor-element elementor-element-e4a456b e-flex e-con-boxed e-con e-parent\" data-id=\"e4a456b\" data-element_type=\"container\" data-settings=\"{&quot;background_background&quot;:&quot;classic&quot;}\">\n\t\t\t\t\t<div class=\"e-con-inner\">\n\t\t<div class=\"elementor-element elementor-element-59f061f e-con-full e-flex e-con e-child\" data-id=\"59f061f\" data-element_type=\"container\">\n\t\t\t\t<div class=\"elementor-element elementor-element-d68468d animated-fast elementor-invisible elementor-widget elementor-widget-elementskit-heading\" data-id=\"d68468d\" data-element_type=\"widget\" data-settings=\"{&quot;_animation&quot;:&quot;fadeIn&quot;,&quot;_animation_delay&quot;:100,&quot;ekit_we_effect_on&quot;:&quot;css&quot;}\" data-widget_type=\"elementskit-heading.default\">\n\t\t\t\t<div class=\"elementor-widget-container\">\n\t\t\t\t\t<div class=\"ekit-wid-con\" ><div class=\"ekit-heading elementskit-section-title-wraper text_left   ekit_heading_tablet-   ekit_heading_mobile-text_center\"><h1 class=\"ekit-heading--title elementskit-section-title \">Movilidad Zarautz<\/h1><\/div><\/div>\t\t\t\t<\/div>\n\t\t\t\t<\/div>\n\t\t\t\t<div class=\"elementor-element elementor-element-5e851ba animated-fast elementor-invisible elementor-widget elementor-widget-elementskit-breadcrumb\" data-id=\"5e851ba\" data-element_type=\"widget\" data-settings=\"{&quot;_animation&quot;:&quot;fadeIn&quot;,&quot;_animation_delay&quot;:100,&quot;ekit_we_effect_on&quot;:&quot;none&quot;}\" data-widget_type=\"elementskit-breadcrumb.default\">\n\t\t\t\t<div class=\"elementor-widget-container\">\n\t\t\t\t\t<div class=\"ekit-wid-con\" ><ol class=\"ekit-breadcrumb\"><li class=\"ekit_breadcrumbs_start\"><a href=\"https:\/\/zarauzkohiribusa.eus\/es\/\">Home<\/a><\/li><\/ol><\/div>\t\t\t\t<\/div>\n\t\t\t\t<\/div>\n\t\t\t\t<\/div>\n\t\t\t\t\t<\/div>\n\t\t\t\t<\/div>\n\t\t<div class=\"elementor-element elementor-element-4ff8c6f e-con-full e-flex e-con e-parent\" data-id=\"4ff8c6f\" data-element_type=\"container\">\n\t\t\t\t<div class=\"elementor-element elementor-element-38113df elementor-widget elementor-widget-image\" data-id=\"38113df\" data-element_type=\"widget\" data-settings=\"{&quot;ekit_we_effect_on&quot;:&quot;none&quot;}\" data-widget_type=\"image.default\">\n\t\t\t\t<div class=\"elementor-widget-container\">\n\t\t\t\t\t\t\t\t\t\t\t\t\t\t\t<img fetchpriority=\"high\" decoding=\"async\" width=\"2560\" height=\"666\" src=\"https:\/\/zarauzkohiribusa.eus\/wp-content\/uploads\/2024\/10\/Movilidad_Zarautz-scaled.webp\" class=\"attachment-full size-full wp-image-25311\" alt=\"Movilidad Zarautz. Imagen panor\u00e1mica de la ciudad.\" srcset=\"https:\/\/zarauzkohiribusa.eus\/wp-content\/uploads\/2024\/10\/Movilidad_Zarautz-scaled.webp 2560w, https:\/\/zarauzkohiribusa.eus\/wp-content\/uploads\/2024\/10\/Movilidad_Zarautz-650x169.webp 650w, https:\/\/zarauzkohiribusa.eus\/wp-content\/uploads\/2024\/10\/Movilidad_Zarautz-1920x499.webp 1920w, https:\/\/zarauzkohiribusa.eus\/wp-content\/uploads\/2024\/10\/Movilidad_Zarautz-768x200.webp 768w, https:\/\/zarauzkohiribusa.eus\/wp-content\/uploads\/2024\/10\/Movilidad_Zarautz-1536x400.webp 1536w, https:\/\/zarauzkohiribusa.eus\/wp-content\/uploads\/2024\/10\/Movilidad_Zarautz-2048x533.webp 2048w, https:\/\/zarauzkohiribusa.eus\/wp-content\/uploads\/2024\/10\/Movilidad_Zarautz-710x185.webp 710w\" sizes=\"(max-width: 2560px) 100vw, 2560px\" \/>\t\t\t\t\t\t\t\t\t\t\t\t\t\t\t<\/div>\n\t\t\t\t<\/div>\n\t\t\t\t<\/div>\n\t\t<div class=\"elementor-element elementor-element-3d4a5f3 e-flex e-con-boxed e-con e-parent\" data-id=\"3d4a5f3\" data-element_type=\"container\" data-settings=\"{&quot;background_background&quot;:&quot;classic&quot;}\">\n\t\t\t\t\t<div class=\"e-con-inner\">\n\t\t<div class=\"elementor-element elementor-element-c690880 e-con-full e-flex e-con e-child\" data-id=\"c690880\" data-element_type=\"container\">\n\t\t<div class=\"elementor-element elementor-element-ad1a22a e-con-full animated-fast e-flex elementor-invisible e-con e-child\" data-id=\"ad1a22a\" data-element_type=\"container\" data-settings=\"{&quot;background_background&quot;:&quot;classic&quot;,&quot;animation&quot;:&quot;fadeIn&quot;,&quot;animation_delay&quot;:100}\">\n\t\t<div class=\"elementor-element elementor-element-81d02c1 e-con-full e-flex e-con e-child\" data-id=\"81d02c1\" data-element_type=\"container\" data-settings=\"{&quot;background_background&quot;:&quot;classic&quot;}\">\n\t\t\t\t<div class=\"elementor-element elementor-element-c922063 elementor-widget elementor-widget-text-editor\" data-id=\"c922063\" data-element_type=\"widget\" data-settings=\"{&quot;ekit_we_effect_on&quot;:&quot;none&quot;}\" data-widget_type=\"text-editor.default\">\n\t\t\t\t<div class=\"elementor-widget-container\">\n\t\t\t\t\t\t\t\t\t<p>Zarauzko Hiribusa, el transporte urbano de Zarautz, responde al modelo de movilidad sostenible que el Ayuntamiento est\u00e1 desarrollando para la ciudad.<\/p>\n<p>Es la red de transporte urbano que conecta la localidad de una forma eficiente. Formada por una flota de bajas emisiones, que reduce la contaminaci\u00f3n del aire y la contaminaci\u00f3n ac\u00fastica. Un transporte de todos, completamente accesible que mejora la calidad de vida y el confort de nuestros ciudadanos.&nbsp; &nbsp;&nbsp;&nbsp;<\/p>\t\t\t\t\t\t\t\t<\/div>\n\t\t\t\t<\/div>\n\t\t\t\t<\/div>\n\t\t<div class=\"elementor-element elementor-element-f9796f2 e-con-full e-flex e-con e-child\" data-id=\"f9796f2\" data-element_type=\"container\" data-settings=\"{&quot;background_background&quot;:&quot;classic&quot;}\">\n\t\t\t\t<div class=\"elementor-element elementor-element-a685d94 elementor-widget elementor-widget-text-editor\" data-id=\"a685d94\" data-element_type=\"widget\" data-settings=\"{&quot;ekit_we_effect_on&quot;:&quot;none&quot;}\" data-widget_type=\"text-editor.default\">\n\t\t\t\t<div class=\"elementor-widget-container\">\n\t\t\t\t\t\t\t\t\t<p>Un transporte inteligente pensado para el estilo de vida de Zarautz, que configura sus l\u00edneas acordes a las necesidades de los ciudadanos en invierno y en verano. Siete l\u00edneas que te llevar\u00e1n d\u00f3nde necesites en cada momento del a\u00f1o.<\/p>\t\t\t\t\t\t\t\t<\/div>\n\t\t\t\t<\/div>\n\t\t\t\t<div class=\"elementor-element elementor-element-860f6bb animated-fast elementor-align-center elementor-invisible elementor-widget elementor-widget-elementskit-button\" data-id=\"860f6bb\" data-element_type=\"widget\" data-settings=\"{&quot;_animation&quot;:&quot;pulse&quot;,&quot;_animation_delay&quot;:200,&quot;ekit_we_effect_on&quot;:&quot;none&quot;}\" data-widget_type=\"elementskit-button.default\">\n\t\t\t\t<div class=\"elementor-widget-container\">\n\t\t\t\t\t<div class=\"ekit-wid-con\" >\t\t<div class=\"ekit-btn-wraper\">\n\t\t\t\t\t\t\t<a href=\"https:\/\/zarauzkohiribusa.eus\/wp-content\/uploads\/2024\/09\/Sarearen_planoa_Zarautz_Plano_de_red_oct2024.pdf\" target=\"_blank\" class=\"elementskit-btn  whitespace--normal\" id=\"\">\n\t\t\t\t\tDescarga el mapa del Zarauzko Hiribusa\t\t\t\t<\/a>\n\t\t\t\t\t<\/div>\n        <\/div>\t\t\t\t<\/div>\n\t\t\t\t<\/div>\n\t\t\t\t<\/div>\n\t\t\t\t<\/div>\n\t\t\t\t<\/div>\n\t\t\t\t\t<\/div>\n\t\t\t\t<\/div>\n\t\t\t\t<\/div>\n\t\t","protected":false},"excerpt":{"rendered":"<p>Movilidad Zarautz Home Zarauzko Hiribusa, el transporte urbano de Zarautz, responde al modelo de movilidad sostenible que el Ayuntamiento est\u00e1 desarrollando para la ciudad. Es la red de transporte urbano que conecta la localidad de una forma eficiente. Formada por una flota de bajas emisiones, que reduce la contaminaci\u00f3n del aire y la contaminaci\u00f3n ac\u00fastica. [&hellip;]<\/p>\n","protected":false},"author":6,"featured_media":0,"parent":0,"menu_order":0,"comment_status":"closed","ping_status":"closed","template":"","meta":{"inline_featured_image":false,"footnotes":""},"class_list":["post-24974","page","type-page","status-publish","hentry"],"yoast_head":"<!-- This site is optimized with the Yoast SEO plugin v26.6 - https:\/\/yoast.com\/wordpress\/plugins\/seo\/ -->\n<title>MOVILIDAD ZARAUTZ - Zarauko Hiribusa<\/title>\n<meta name=\"robots\" content=\"index, follow, max-snippet:-1, max-image-preview:large, max-video-preview:-1\" \/>\n<link rel=\"canonical\" href=\"https:\/\/zarauzkohiribusa.eus\/es\/movilidad-zarautz\/\" \/>\n<meta property=\"og:locale\" content=\"es_ES\" \/>\n<meta property=\"og:type\" content=\"article\" \/>\n<meta property=\"og:title\" content=\"MOVILIDAD ZARAUTZ - Zarauko Hiribusa\" \/>\n<meta property=\"og:description\" content=\"Movilidad Zarautz Home Zarauzko Hiribusa, el transporte urbano de Zarautz, responde al modelo de movilidad sostenible que el Ayuntamiento est\u00e1 desarrollando para la ciudad. Es la red de transporte urbano que conecta la localidad de una forma eficiente. Formada por una flota de bajas emisiones, que reduce la contaminaci\u00f3n del aire y la contaminaci\u00f3n ac\u00fastica. [&hellip;]\" \/>\n<meta property=\"og:url\" content=\"https:\/\/zarauzkohiribusa.eus\/es\/movilidad-zarautz\/\" \/>\n<meta property=\"og:site_name\" content=\"Zarauko Hiribusa\" \/>\n<meta property=\"article:modified_time\" content=\"2024-10-05T16:11:06+00:00\" \/>\n<meta property=\"og:image\" content=\"https:\/\/zarauzkohiribusa.eus\/wp-content\/uploads\/2024\/10\/Movilidad_Zarautz-scaled.webp\" \/>\n<meta name=\"twitter:card\" content=\"summary_large_image\" \/>\n<meta name=\"twitter:label1\" content=\"Tiempo de lectura\" \/>\n\t<meta name=\"twitter:data1\" content=\"1 minuto\" \/>\n<script type=\"application\/ld+json\" class=\"yoast-schema-graph\">{\"@context\":\"https:\/\/schema.org\",\"@graph\":[{\"@type\":\"WebPage\",\"@id\":\"https:\/\/zarauzkohiribusa.eus\/es\/movilidad-zarautz\/\",\"url\":\"https:\/\/zarauzkohiribusa.eus\/es\/movilidad-zarautz\/\",\"name\":\"MOVILIDAD ZARAUTZ - Zarauko Hiribusa\",\"isPartOf\":{\"@id\":\"https:\/\/zarauzkohiribusa.eus\/#website\"},\"primaryImageOfPage\":{\"@id\":\"https:\/\/zarauzkohiribusa.eus\/es\/movilidad-zarautz\/#primaryimage\"},\"image\":{\"@id\":\"https:\/\/zarauzkohiribusa.eus\/es\/movilidad-zarautz\/#primaryimage\"},\"thumbnailUrl\":\"https:\/\/zarauzkohiribusa.eus\/wp-content\/uploads\/2024\/10\/Movilidad_Zarautz-scaled.webp\",\"datePublished\":\"2023-11-23T15:20:21+00:00\",\"dateModified\":\"2024-10-05T16:11:06+00:00\",\"breadcrumb\":{\"@id\":\"https:\/\/zarauzkohiribusa.eus\/es\/movilidad-zarautz\/#breadcrumb\"},\"inLanguage\":\"es\",\"potentialAction\":[{\"@type\":\"ReadAction\",\"target\":[\"https:\/\/zarauzkohiribusa.eus\/es\/movilidad-zarautz\/\"]}]},{\"@type\":\"ImageObject\",\"inLanguage\":\"es\",\"@id\":\"https:\/\/zarauzkohiribusa.eus\/es\/movilidad-zarautz\/#primaryimage\",\"url\":\"https:\/\/zarauzkohiribusa.eus\/wp-content\/uploads\/2024\/10\/Movilidad_Zarautz-scaled.webp\",\"contentUrl\":\"https:\/\/zarauzkohiribusa.eus\/wp-content\/uploads\/2024\/10\/Movilidad_Zarautz-scaled.webp\"},{\"@type\":\"BreadcrumbList\",\"@id\":\"https:\/\/zarauzkohiribusa.eus\/es\/movilidad-zarautz\/#breadcrumb\",\"itemListElement\":[{\"@type\":\"ListItem\",\"position\":1,\"name\":\"Portada\",\"item\":\"https:\/\/zarauzkohiribusa.eus\/es\/\"},{\"@type\":\"ListItem\",\"position\":2,\"name\":\"MOVILIDAD ZARAUTZ\"}]},{\"@type\":\"WebSite\",\"@id\":\"https:\/\/zarauzkohiribusa.eus\/#website\",\"url\":\"https:\/\/zarauzkohiribusa.eus\/\",\"name\":\"Zarauzko Hiribusa\",\"description\":\"El bus de Zarautz - Transporte Urbano de Zarautz\",\"publisher\":{\"@id\":\"https:\/\/zarauzkohiribusa.eus\/#organization\"},\"potentialAction\":[{\"@type\":\"SearchAction\",\"target\":{\"@type\":\"EntryPoint\",\"urlTemplate\":\"https:\/\/zarauzkohiribusa.eus\/?s={search_term_string}\"},\"query-input\":{\"@type\":\"PropertyValueSpecification\",\"valueRequired\":true,\"valueName\":\"search_term_string\"}}],\"inLanguage\":\"es\"},{\"@type\":\"Organization\",\"@id\":\"https:\/\/zarauzkohiribusa.eus\/#organization\",\"name\":\"Zarauzko Hiribusa\",\"url\":\"https:\/\/zarauzkohiribusa.eus\/\",\"logo\":{\"@type\":\"ImageObject\",\"inLanguage\":\"es\",\"@id\":\"https:\/\/zarauzkohiribusa.eus\/#\/schema\/logo\/image\/\",\"url\":\"https:\/\/zarauzkohiribusa.eus\/wp-content\/uploads\/2023\/11\/zarauz-LOGO.webp\",\"contentUrl\":\"https:\/\/zarauzkohiribusa.eus\/wp-content\/uploads\/2023\/11\/zarauz-LOGO.webp\",\"width\":383,\"height\":190,\"caption\":\"Zarauzko Hiribusa\"},\"image\":{\"@id\":\"https:\/\/zarauzkohiribusa.eus\/#\/schema\/logo\/image\/\"}}]}<\/script>\n<!-- \/ Yoast SEO plugin. -->","yoast_head_json":{"title":"MOVILIDAD ZARAUTZ - Zarauko Hiribusa","robots":{"index":"index","follow":"follow","max-snippet":"max-snippet:-1","max-image-preview":"max-image-preview:large","max-video-preview":"max-video-preview:-1"},"canonical":"https:\/\/zarauzkohiribusa.eus\/es\/movilidad-zarautz\/","og_locale":"es_ES","og_type":"article","og_title":"MOVILIDAD ZARAUTZ - Zarauko Hiribusa","og_description":"Movilidad Zarautz Home Zarauzko Hiribusa, el transporte urbano de Zarautz, responde al modelo de movilidad sostenible que el Ayuntamiento est\u00e1 desarrollando para la ciudad. Es la red de transporte urbano que conecta la localidad de una forma eficiente. Formada por una flota de bajas emisiones, que reduce la contaminaci\u00f3n del aire y la contaminaci\u00f3n ac\u00fastica. [&hellip;]","og_url":"https:\/\/zarauzkohiribusa.eus\/es\/movilidad-zarautz\/","og_site_name":"Zarauko Hiribusa","article_modified_time":"2024-10-05T16:11:06+00:00","og_image":[{"url":"https:\/\/zarauzkohiribusa.eus\/wp-content\/uploads\/2024\/10\/Movilidad_Zarautz-scaled.webp","type":"","width":"","height":""}],"twitter_card":"summary_large_image","twitter_misc":{"Tiempo de lectura":"1 minuto"},"schema":{"@context":"https:\/\/schema.org","@graph":[{"@type":"WebPage","@id":"https:\/\/zarauzkohiribusa.eus\/es\/movilidad-zarautz\/","url":"https:\/\/zarauzkohiribusa.eus\/es\/movilidad-zarautz\/","name":"MOVILIDAD ZARAUTZ - Zarauko Hiribusa","isPartOf":{"@id":"https:\/\/zarauzkohiribusa.eus\/#website"},"primaryImageOfPage":{"@id":"https:\/\/zarauzkohiribusa.eus\/es\/movilidad-zarautz\/#primaryimage"},"image":{"@id":"https:\/\/zarauzkohiribusa.eus\/es\/movilidad-zarautz\/#primaryimage"},"thumbnailUrl":"https:\/\/zarauzkohiribusa.eus\/wp-content\/uploads\/2024\/10\/Movilidad_Zarautz-scaled.webp","datePublished":"2023-11-23T15:20:21+00:00","dateModified":"2024-10-05T16:11:06+00:00","breadcrumb":{"@id":"https:\/\/zarauzkohiribusa.eus\/es\/movilidad-zarautz\/#breadcrumb"},"inLanguage":"es","potentialAction":[{"@type":"ReadAction","target":["https:\/\/zarauzkohiribusa.eus\/es\/movilidad-zarautz\/"]}]},{"@type":"ImageObject","inLanguage":"es","@id":"https:\/\/zarauzkohiribusa.eus\/es\/movilidad-zarautz\/#primaryimage","url":"https:\/\/zarauzkohiribusa.eus\/wp-content\/uploads\/2024\/10\/Movilidad_Zarautz-scaled.webp","contentUrl":"https:\/\/zarauzkohiribusa.eus\/wp-content\/uploads\/2024\/10\/Movilidad_Zarautz-scaled.webp"},{"@type":"BreadcrumbList","@id":"https:\/\/zarauzkohiribusa.eus\/es\/movilidad-zarautz\/#breadcrumb","itemListElement":[{"@type":"ListItem","position":1,"name":"Portada","item":"https:\/\/zarauzkohiribusa.eus\/es\/"},{"@type":"ListItem","position":2,"name":"MOVILIDAD ZARAUTZ"}]},{"@type":"WebSite","@id":"https:\/\/zarauzkohiribusa.eus\/#website","url":"https:\/\/zarauzkohiribusa.eus\/","name":"Zarauzko Hiribusa","description":"El bus de Zarautz - Transporte Urbano de Zarautz","publisher":{"@id":"https:\/\/zarauzkohiribusa.eus\/#organization"},"potentialAction":[{"@type":"SearchAction","target":{"@type":"EntryPoint","urlTemplate":"https:\/\/zarauzkohiribusa.eus\/?s={search_term_string}"},"query-input":{"@type":"PropertyValueSpecification","valueRequired":true,"valueName":"search_term_string"}}],"inLanguage":"es"},{"@type":"Organization","@id":"https:\/\/zarauzkohiribusa.eus\/#organization","name":"Zarauzko Hiribusa","url":"https:\/\/zarauzkohiribusa.eus\/","logo":{"@type":"ImageObject","inLanguage":"es","@id":"https:\/\/zarauzkohiribusa.eus\/#\/schema\/logo\/image\/","url":"https:\/\/zarauzkohiribusa.eus\/wp-content\/uploads\/2023\/11\/zarauz-LOGO.webp","contentUrl":"https:\/\/zarauzkohiribusa.eus\/wp-content\/uploads\/2023\/11\/zarauz-LOGO.webp","width":383,"height":190,"caption":"Zarauzko Hiribusa"},"image":{"@id":"https:\/\/zarauzkohiribusa.eus\/#\/schema\/logo\/image\/"}}]}},"_links":{"self":[{"href":"https:\/\/zarauzkohiribusa.eus\/es\/wp-json\/wp\/v2\/pages\/24974","targetHints":{"allow":["GET"]}}],"collection":[{"href":"https:\/\/zarauzkohiribusa.eus\/es\/wp-json\/wp\/v2\/pages"}],"about":[{"href":"https:\/\/zarauzkohiribusa.eus\/es\/wp-json\/wp\/v2\/types\/page"}],"author":[{"embeddable":true,"href":"https:\/\/zarauzkohiribusa.eus\/es\/wp-json\/wp\/v2\/users\/6"}],"replies":[{"embeddable":true,"href":"https:\/\/zarauzkohiribusa.eus\/es\/wp-json\/wp\/v2\/comments?post=24974"}],"version-history":[{"count":0,"href":"https:\/\/zarauzkohiribusa.eus\/es\/wp-json\/wp\/v2\/pages\/24974\/revisions"}],"wp:attachment":[{"href":"https:\/\/zarauzkohiribusa.eus\/es\/wp-json\/wp\/v2\/media?parent=24974"}],"curies":[{"name":"wp","href":"https:\/\/api.w.org\/{rel}","templated":true}]}}