{"id":25000,"date":"2023-11-23T14:20:21","date_gmt":"2023-11-23T15:20:21","guid":{"rendered":"https:\/\/zarauzkohiribusa.eus\/flota-sostenible\/"},"modified":"2025-05-05T05:58:07","modified_gmt":"2025-05-05T06:58:07","slug":"flota-sostenible","status":"publish","type":"page","link":"https:\/\/zarauzkohiribusa.eus\/es\/flota-sostenible\/","title":{"rendered":"Flota sostenible"},"content":{"rendered":"\t\t<div data-elementor-type=\"wp-page\" data-elementor-id=\"25000\" class=\"elementor elementor-25000 elementor-24570\" data-elementor-post-type=\"page\">\n\t\t\t\t<div class=\"elementor-element elementor-element-e4a456b e-flex e-con-boxed e-con e-parent\" data-id=\"e4a456b\" data-element_type=\"container\" data-settings=\"{&quot;background_background&quot;:&quot;classic&quot;}\">\n\t\t\t\t\t<div class=\"e-con-inner\">\n\t\t<div class=\"elementor-element elementor-element-59f061f e-con-full e-flex e-con e-child\" data-id=\"59f061f\" data-element_type=\"container\">\n\t\t\t\t<div class=\"elementor-element elementor-element-d68468d animated-fast elementor-invisible elementor-widget elementor-widget-elementskit-heading\" data-id=\"d68468d\" data-element_type=\"widget\" data-settings=\"{&quot;_animation&quot;:&quot;fadeIn&quot;,&quot;_animation_delay&quot;:100,&quot;ekit_we_effect_on&quot;:&quot;css&quot;}\" data-widget_type=\"elementskit-heading.default\">\n\t\t\t\t<div class=\"elementor-widget-container\">\n\t\t\t\t\t<div class=\"ekit-wid-con\" ><div class=\"ekit-heading elementskit-section-title-wraper text_left   ekit_heading_tablet-   ekit_heading_mobile-text_center\"><h1 class=\"ekit-heading--title elementskit-section-title \">Flota sostenible<\/h1><\/div><\/div>\t\t\t\t<\/div>\n\t\t\t\t<\/div>\n\t\t\t\t<div class=\"elementor-element elementor-element-5e851ba animated-fast elementor-invisible elementor-widget elementor-widget-elementskit-breadcrumb\" data-id=\"5e851ba\" data-element_type=\"widget\" data-settings=\"{&quot;_animation&quot;:&quot;fadeIn&quot;,&quot;_animation_delay&quot;:100,&quot;ekit_we_effect_on&quot;:&quot;none&quot;}\" data-widget_type=\"elementskit-breadcrumb.default\">\n\t\t\t\t<div class=\"elementor-widget-container\">\n\t\t\t\t\t<div class=\"ekit-wid-con\" ><ol class=\"ekit-breadcrumb\"><li class=\"ekit_breadcrumbs_start\"><a href=\"https:\/\/zarauzkohiribusa.eus\/es\/\">Home<\/a><\/li><\/ol><\/div>\t\t\t\t<\/div>\n\t\t\t\t<\/div>\n\t\t\t\t<\/div>\n\t\t\t\t\t<\/div>\n\t\t\t\t<\/div>\n\t\t<div class=\"elementor-element elementor-element-4ff8c6f e-con-full e-flex e-con e-parent\" data-id=\"4ff8c6f\" data-element_type=\"container\">\n\t\t\t\t<div class=\"elementor-element elementor-element-38113df elementor-widget elementor-widget-image\" data-id=\"38113df\" data-element_type=\"widget\" data-settings=\"{&quot;ekit_we_effect_on&quot;:&quot;none&quot;}\" data-widget_type=\"image.default\">\n\t\t\t\t<div class=\"elementor-widget-container\">\n\t\t\t\t\t\t\t\t\t\t\t\t\t\t\t<img fetchpriority=\"high\" decoding=\"async\" width=\"2500\" height=\"650\" src=\"https:\/\/zarauzkohiribusa.eus\/wp-content\/uploads\/2024\/10\/004.webp\" class=\"attachment-full size-full wp-image-25010\" alt=\"\" srcset=\"https:\/\/zarauzkohiribusa.eus\/wp-content\/uploads\/2024\/10\/004.webp 2500w, https:\/\/zarauzkohiribusa.eus\/wp-content\/uploads\/2024\/10\/004-650x169.webp 650w, https:\/\/zarauzkohiribusa.eus\/wp-content\/uploads\/2024\/10\/004-1920x499.webp 1920w, https:\/\/zarauzkohiribusa.eus\/wp-content\/uploads\/2024\/10\/004-768x200.webp 768w, https:\/\/zarauzkohiribusa.eus\/wp-content\/uploads\/2024\/10\/004-1536x399.webp 1536w, https:\/\/zarauzkohiribusa.eus\/wp-content\/uploads\/2024\/10\/004-2048x532.webp 2048w, https:\/\/zarauzkohiribusa.eus\/wp-content\/uploads\/2024\/10\/004-710x185.webp 710w\" sizes=\"(max-width: 2500px) 100vw, 2500px\" \/>\t\t\t\t\t\t\t\t\t\t\t\t\t\t\t<\/div>\n\t\t\t\t<\/div>\n\t\t<div class=\"elementor-element elementor-element-a20baef e-con-full e-flex e-con e-child\" data-id=\"a20baef\" data-element_type=\"container\" data-settings=\"{&quot;background_background&quot;:&quot;classic&quot;}\">\n\t\t\t\t<\/div>\n\t\t\t\t<\/div>\n\t\t<div class=\"elementor-element elementor-element-3d4a5f3 e-flex e-con-boxed e-con e-parent\" data-id=\"3d4a5f3\" data-element_type=\"container\" data-settings=\"{&quot;background_background&quot;:&quot;classic&quot;}\">\n\t\t\t\t\t<div class=\"e-con-inner\">\n\t\t<div class=\"elementor-element elementor-element-c690880 e-con-full e-flex e-con e-child\" data-id=\"c690880\" data-element_type=\"container\">\n\t\t<div class=\"elementor-element elementor-element-ad1a22a e-con-full animated-fast e-flex elementor-invisible e-con e-child\" data-id=\"ad1a22a\" data-element_type=\"container\" data-settings=\"{&quot;background_background&quot;:&quot;classic&quot;,&quot;animation&quot;:&quot;fadeIn&quot;,&quot;animation_delay&quot;:100}\">\n\t\t<div class=\"elementor-element elementor-element-81d02c1 e-con-full e-flex e-con e-child\" data-id=\"81d02c1\" data-element_type=\"container\" data-settings=\"{&quot;background_background&quot;:&quot;classic&quot;}\">\n\t\t\t\t<div class=\"elementor-element elementor-element-c922063 elementor-widget elementor-widget-text-editor\" data-id=\"c922063\" data-element_type=\"widget\" data-settings=\"{&quot;ekit_we_effect_on&quot;:&quot;none&quot;}\" data-widget_type=\"text-editor.default\">\n\t\t\t\t<div class=\"elementor-widget-container\">\n\t\t\t\t\t\t\t\t\t<p>La flota de ZHB, Zarauzko Hiribusa, es un transporte p\u00fablico sostenible que apuesta por la electromovilidad y la descarbonizaci\u00f3n de nuestras calles. Una flota de cuatro veh\u00edculos, tres con motorizaci\u00f3n el\u00e9ctrica de cero emisiones y uno con impulsi\u00f3n h\u00edbrida.<\/p>\n<p>Los tres autobuses 100% el\u00e9ctricos, modelo Irizar Irizar ie bus, tienen una longitud de 12 metros y aportan beneficios medioambientales, m\u00ednimos niveles de ruido y garantiza un \u00f3ptimo coste de servicio. Estos veh\u00edculos con una capacidad de 75 personas est\u00e1n equipados con 30 butacas,<\/p>\n\t\t\t\t\t\t\t\t<\/div>\n\t\t\t\t<\/div>\n\t\t\t\t<\/div>\n\t\t<div class=\"elementor-element elementor-element-f9796f2 e-con-full e-flex e-con e-child\" data-id=\"f9796f2\" data-element_type=\"container\" data-settings=\"{&quot;background_background&quot;:&quot;classic&quot;}\">\n\t\t\t\t<div class=\"elementor-element elementor-element-a685d94 elementor-widget elementor-widget-text-editor\" data-id=\"a685d94\" data-element_type=\"widget\" data-settings=\"{&quot;ekit_we_effect_on&quot;:&quot;none&quot;}\" data-widget_type=\"text-editor.default\">\n\t\t\t\t<div class=\"elementor-widget-container\">\n\t\t\t\t\t\t\t\t\t<p>una zona para silla de ruedas y 4 asientos desti-<br \/>nados a las personas con movilidad reducida<\/p>\n<p>(PMR) y 3 puertas que permiten una circulaci\u00f3n fluida en el interior.<\/p>\n<p>El veh\u00edculo h\u00edbrido es el modelo Mercedes Citaro Hybrid, de 10,6 metros de longitud con dos puertas con rampa de acceso y salida de pasajeros, una capacidad de 69 plazas, con 26 asientos, dos zonas para sillas de ruedas y asientos reservados a personas de movilidad reducida.<\/p>\n\t\t\t\t\t\t\t\t<\/div>\n\t\t\t\t<\/div>\n\t\t\t\t<\/div>\n\t\t\t\t<\/div>\n\t\t\t\t<\/div>\n\t\t\t\t\t<\/div>\n\t\t\t\t<\/div>\n\t\t\t\t<\/div>\n\t\t","protected":false},"excerpt":{"rendered":"<p>Flota sostenible Home La flota de ZHB, Zarauzko Hiribusa, es un transporte p\u00fablico sostenible que apuesta por la electromovilidad y la descarbonizaci\u00f3n de nuestras calles. Una flota de cuatro veh\u00edculos, tres con motorizaci\u00f3n el\u00e9ctrica de cero emisiones y uno con impulsi\u00f3n h\u00edbrida. Los tres autobuses 100% el\u00e9ctricos, modelo Irizar Irizar ie bus, tienen una longitud [&hellip;]<\/p>\n","protected":false},"author":6,"featured_media":0,"parent":0,"menu_order":0,"comment_status":"closed","ping_status":"closed","template":"","meta":{"inline_featured_image":false,"footnotes":""},"class_list":["post-25000","page","type-page","status-publish","hentry"],"yoast_head":"<!-- This site is optimized with the Yoast SEO plugin v26.6 - https:\/\/yoast.com\/wordpress\/plugins\/seo\/ -->\n<title>Flota sostenible - Zarauko Hiribusa<\/title>\n<meta name=\"description\" content=\"La flota de ZHB, Zarauzko Hiribusa, es un transporte p\u00fablico sostenible que apuesta por la electromovilidad y la descarbonizaci\u00f3n de nuestras calles.\" \/>\n<meta name=\"robots\" content=\"index, follow, max-snippet:-1, max-image-preview:large, max-video-preview:-1\" \/>\n<link rel=\"canonical\" href=\"https:\/\/zarauzkohiribusa.eus\/es\/flota-sostenible\/\" \/>\n<meta property=\"og:locale\" content=\"es_ES\" \/>\n<meta property=\"og:type\" content=\"article\" \/>\n<meta property=\"og:title\" content=\"Flota sostenible - Zarauko Hiribusa\" \/>\n<meta property=\"og:description\" content=\"La flota de ZHB, Zarauzko Hiribusa, es un transporte p\u00fablico sostenible que apuesta por la electromovilidad y la descarbonizaci\u00f3n de nuestras calles.\" \/>\n<meta property=\"og:url\" content=\"https:\/\/zarauzkohiribusa.eus\/es\/flota-sostenible\/\" \/>\n<meta property=\"og:site_name\" content=\"Zarauko Hiribusa\" \/>\n<meta property=\"article:modified_time\" content=\"2025-05-05T06:58:07+00:00\" \/>\n<meta property=\"og:image\" content=\"https:\/\/zarauzkohiribusa.eus\/wp-content\/uploads\/2024\/10\/004.webp\" \/>\n<meta name=\"twitter:card\" content=\"summary_large_image\" \/>\n<meta name=\"twitter:label1\" content=\"Tiempo de lectura\" \/>\n\t<meta name=\"twitter:data1\" content=\"1 minuto\" \/>\n<script type=\"application\/ld+json\" class=\"yoast-schema-graph\">{\"@context\":\"https:\/\/schema.org\",\"@graph\":[{\"@type\":\"WebPage\",\"@id\":\"https:\/\/zarauzkohiribusa.eus\/es\/flota-sostenible\/\",\"url\":\"https:\/\/zarauzkohiribusa.eus\/es\/flota-sostenible\/\",\"name\":\"Flota sostenible - Zarauko Hiribusa\",\"isPartOf\":{\"@id\":\"https:\/\/zarauzkohiribusa.eus\/#website\"},\"primaryImageOfPage\":{\"@id\":\"https:\/\/zarauzkohiribusa.eus\/es\/flota-sostenible\/#primaryimage\"},\"image\":{\"@id\":\"https:\/\/zarauzkohiribusa.eus\/es\/flota-sostenible\/#primaryimage\"},\"thumbnailUrl\":\"https:\/\/zarauzkohiribusa.eus\/wp-content\/uploads\/2024\/10\/004.webp\",\"datePublished\":\"2023-11-23T15:20:21+00:00\",\"dateModified\":\"2025-05-05T06:58:07+00:00\",\"description\":\"La flota de ZHB, Zarauzko Hiribusa, es un transporte p\u00fablico sostenible que apuesta por la electromovilidad y la descarbonizaci\u00f3n de nuestras calles.\",\"breadcrumb\":{\"@id\":\"https:\/\/zarauzkohiribusa.eus\/es\/flota-sostenible\/#breadcrumb\"},\"inLanguage\":\"es\",\"potentialAction\":[{\"@type\":\"ReadAction\",\"target\":[\"https:\/\/zarauzkohiribusa.eus\/es\/flota-sostenible\/\"]}]},{\"@type\":\"ImageObject\",\"inLanguage\":\"es\",\"@id\":\"https:\/\/zarauzkohiribusa.eus\/es\/flota-sostenible\/#primaryimage\",\"url\":\"https:\/\/zarauzkohiribusa.eus\/wp-content\/uploads\/2024\/10\/004.webp\",\"contentUrl\":\"https:\/\/zarauzkohiribusa.eus\/wp-content\/uploads\/2024\/10\/004.webp\"},{\"@type\":\"BreadcrumbList\",\"@id\":\"https:\/\/zarauzkohiribusa.eus\/es\/flota-sostenible\/#breadcrumb\",\"itemListElement\":[{\"@type\":\"ListItem\",\"position\":1,\"name\":\"Portada\",\"item\":\"https:\/\/zarauzkohiribusa.eus\/es\/\"},{\"@type\":\"ListItem\",\"position\":2,\"name\":\"Flota sostenible\"}]},{\"@type\":\"WebSite\",\"@id\":\"https:\/\/zarauzkohiribusa.eus\/#website\",\"url\":\"https:\/\/zarauzkohiribusa.eus\/\",\"name\":\"Zarauzko Hiribusa\",\"description\":\"El bus de Zarautz - Transporte Urbano de Zarautz\",\"publisher\":{\"@id\":\"https:\/\/zarauzkohiribusa.eus\/#organization\"},\"potentialAction\":[{\"@type\":\"SearchAction\",\"target\":{\"@type\":\"EntryPoint\",\"urlTemplate\":\"https:\/\/zarauzkohiribusa.eus\/?s={search_term_string}\"},\"query-input\":{\"@type\":\"PropertyValueSpecification\",\"valueRequired\":true,\"valueName\":\"search_term_string\"}}],\"inLanguage\":\"es\"},{\"@type\":\"Organization\",\"@id\":\"https:\/\/zarauzkohiribusa.eus\/#organization\",\"name\":\"Zarauzko Hiribusa\",\"url\":\"https:\/\/zarauzkohiribusa.eus\/\",\"logo\":{\"@type\":\"ImageObject\",\"inLanguage\":\"es\",\"@id\":\"https:\/\/zarauzkohiribusa.eus\/#\/schema\/logo\/image\/\",\"url\":\"https:\/\/zarauzkohiribusa.eus\/wp-content\/uploads\/2023\/11\/zarauz-LOGO.webp\",\"contentUrl\":\"https:\/\/zarauzkohiribusa.eus\/wp-content\/uploads\/2023\/11\/zarauz-LOGO.webp\",\"width\":383,\"height\":190,\"caption\":\"Zarauzko Hiribusa\"},\"image\":{\"@id\":\"https:\/\/zarauzkohiribusa.eus\/#\/schema\/logo\/image\/\"}}]}<\/script>\n<!-- \/ Yoast SEO plugin. -->","yoast_head_json":{"title":"Flota sostenible - Zarauko Hiribusa","description":"La flota de ZHB, Zarauzko Hiribusa, es un transporte p\u00fablico sostenible que apuesta por la electromovilidad y la descarbonizaci\u00f3n de nuestras calles.","robots":{"index":"index","follow":"follow","max-snippet":"max-snippet:-1","max-image-preview":"max-image-preview:large","max-video-preview":"max-video-preview:-1"},"canonical":"https:\/\/zarauzkohiribusa.eus\/es\/flota-sostenible\/","og_locale":"es_ES","og_type":"article","og_title":"Flota sostenible - Zarauko Hiribusa","og_description":"La flota de ZHB, Zarauzko Hiribusa, es un transporte p\u00fablico sostenible que apuesta por la electromovilidad y la descarbonizaci\u00f3n de nuestras calles.","og_url":"https:\/\/zarauzkohiribusa.eus\/es\/flota-sostenible\/","og_site_name":"Zarauko Hiribusa","article_modified_time":"2025-05-05T06:58:07+00:00","og_image":[{"url":"https:\/\/zarauzkohiribusa.eus\/wp-content\/uploads\/2024\/10\/004.webp","type":"","width":"","height":""}],"twitter_card":"summary_large_image","twitter_misc":{"Tiempo de lectura":"1 minuto"},"schema":{"@context":"https:\/\/schema.org","@graph":[{"@type":"WebPage","@id":"https:\/\/zarauzkohiribusa.eus\/es\/flota-sostenible\/","url":"https:\/\/zarauzkohiribusa.eus\/es\/flota-sostenible\/","name":"Flota sostenible - Zarauko Hiribusa","isPartOf":{"@id":"https:\/\/zarauzkohiribusa.eus\/#website"},"primaryImageOfPage":{"@id":"https:\/\/zarauzkohiribusa.eus\/es\/flota-sostenible\/#primaryimage"},"image":{"@id":"https:\/\/zarauzkohiribusa.eus\/es\/flota-sostenible\/#primaryimage"},"thumbnailUrl":"https:\/\/zarauzkohiribusa.eus\/wp-content\/uploads\/2024\/10\/004.webp","datePublished":"2023-11-23T15:20:21+00:00","dateModified":"2025-05-05T06:58:07+00:00","description":"La flota de ZHB, Zarauzko Hiribusa, es un transporte p\u00fablico sostenible que apuesta por la electromovilidad y la descarbonizaci\u00f3n de nuestras calles.","breadcrumb":{"@id":"https:\/\/zarauzkohiribusa.eus\/es\/flota-sostenible\/#breadcrumb"},"inLanguage":"es","potentialAction":[{"@type":"ReadAction","target":["https:\/\/zarauzkohiribusa.eus\/es\/flota-sostenible\/"]}]},{"@type":"ImageObject","inLanguage":"es","@id":"https:\/\/zarauzkohiribusa.eus\/es\/flota-sostenible\/#primaryimage","url":"https:\/\/zarauzkohiribusa.eus\/wp-content\/uploads\/2024\/10\/004.webp","contentUrl":"https:\/\/zarauzkohiribusa.eus\/wp-content\/uploads\/2024\/10\/004.webp"},{"@type":"BreadcrumbList","@id":"https:\/\/zarauzkohiribusa.eus\/es\/flota-sostenible\/#breadcrumb","itemListElement":[{"@type":"ListItem","position":1,"name":"Portada","item":"https:\/\/zarauzkohiribusa.eus\/es\/"},{"@type":"ListItem","position":2,"name":"Flota sostenible"}]},{"@type":"WebSite","@id":"https:\/\/zarauzkohiribusa.eus\/#website","url":"https:\/\/zarauzkohiribusa.eus\/","name":"Zarauzko Hiribusa","description":"El bus de Zarautz - Transporte Urbano de Zarautz","publisher":{"@id":"https:\/\/zarauzkohiribusa.eus\/#organization"},"potentialAction":[{"@type":"SearchAction","target":{"@type":"EntryPoint","urlTemplate":"https:\/\/zarauzkohiribusa.eus\/?s={search_term_string}"},"query-input":{"@type":"PropertyValueSpecification","valueRequired":true,"valueName":"search_term_string"}}],"inLanguage":"es"},{"@type":"Organization","@id":"https:\/\/zarauzkohiribusa.eus\/#organization","name":"Zarauzko Hiribusa","url":"https:\/\/zarauzkohiribusa.eus\/","logo":{"@type":"ImageObject","inLanguage":"es","@id":"https:\/\/zarauzkohiribusa.eus\/#\/schema\/logo\/image\/","url":"https:\/\/zarauzkohiribusa.eus\/wp-content\/uploads\/2023\/11\/zarauz-LOGO.webp","contentUrl":"https:\/\/zarauzkohiribusa.eus\/wp-content\/uploads\/2023\/11\/zarauz-LOGO.webp","width":383,"height":190,"caption":"Zarauzko Hiribusa"},"image":{"@id":"https:\/\/zarauzkohiribusa.eus\/#\/schema\/logo\/image\/"}}]}},"_links":{"self":[{"href":"https:\/\/zarauzkohiribusa.eus\/es\/wp-json\/wp\/v2\/pages\/25000","targetHints":{"allow":["GET"]}}],"collection":[{"href":"https:\/\/zarauzkohiribusa.eus\/es\/wp-json\/wp\/v2\/pages"}],"about":[{"href":"https:\/\/zarauzkohiribusa.eus\/es\/wp-json\/wp\/v2\/types\/page"}],"author":[{"embeddable":true,"href":"https:\/\/zarauzkohiribusa.eus\/es\/wp-json\/wp\/v2\/users\/6"}],"replies":[{"embeddable":true,"href":"https:\/\/zarauzkohiribusa.eus\/es\/wp-json\/wp\/v2\/comments?post=25000"}],"version-history":[{"count":0,"href":"https:\/\/zarauzkohiribusa.eus\/es\/wp-json\/wp\/v2\/pages\/25000\/revisions"}],"wp:attachment":[{"href":"https:\/\/zarauzkohiribusa.eus\/es\/wp-json\/wp\/v2\/media?parent=25000"}],"curies":[{"name":"wp","href":"https:\/\/api.w.org\/{rel}","templated":true}]}}