{"id":25019,"date":"2023-11-23T14:20:21","date_gmt":"2023-11-23T15:20:21","guid":{"rendered":"https:\/\/zarauzkohiribusa.eus\/movilidad-respeto-y-convivencia\/"},"modified":"2025-05-02T08:15:10","modified_gmt":"2025-05-02T09:15:10","slug":"movilidad-respeto-y-convivencia","status":"publish","type":"page","link":"https:\/\/zarauzkohiribusa.eus\/es\/movilidad-respeto-y-convivencia\/","title":{"rendered":"Movilidad Respeto y Convivencia"},"content":{"rendered":"\t\t<div data-elementor-type=\"wp-page\" data-elementor-id=\"25019\" class=\"elementor elementor-25019 elementor-24613\" data-elementor-post-type=\"page\">\n\t\t\t\t<div class=\"elementor-element elementor-element-e4a456b e-flex e-con-boxed e-con e-parent\" data-id=\"e4a456b\" data-element_type=\"container\" data-settings=\"{&quot;background_background&quot;:&quot;classic&quot;}\">\n\t\t\t\t\t<div class=\"e-con-inner\">\n\t\t<div class=\"elementor-element elementor-element-59f061f e-con-full e-flex e-con e-child\" data-id=\"59f061f\" data-element_type=\"container\">\n\t\t\t\t<div class=\"elementor-element elementor-element-d68468d animated-fast elementor-invisible elementor-widget elementor-widget-elementskit-heading\" data-id=\"d68468d\" data-element_type=\"widget\" data-settings=\"{&quot;_animation&quot;:&quot;fadeIn&quot;,&quot;_animation_delay&quot;:100,&quot;ekit_we_effect_on&quot;:&quot;css&quot;}\" data-widget_type=\"elementskit-heading.default\">\n\t\t\t\t<div class=\"elementor-widget-container\">\n\t\t\t\t\t<div class=\"ekit-wid-con\" ><div class=\"ekit-heading elementskit-section-title-wraper text_left   ekit_heading_tablet-   ekit_heading_mobile-text_center\"><h1 class=\"ekit-heading--title elementskit-section-title \">Movilidad, Respeto y Convivencia<\/h1><\/div><\/div>\t\t\t\t<\/div>\n\t\t\t\t<\/div>\n\t\t\t\t<div class=\"elementor-element elementor-element-5e851ba animated-fast elementor-invisible elementor-widget elementor-widget-elementskit-breadcrumb\" data-id=\"5e851ba\" data-element_type=\"widget\" data-settings=\"{&quot;_animation&quot;:&quot;fadeIn&quot;,&quot;_animation_delay&quot;:100,&quot;ekit_we_effect_on&quot;:&quot;none&quot;}\" data-widget_type=\"elementskit-breadcrumb.default\">\n\t\t\t\t<div class=\"elementor-widget-container\">\n\t\t\t\t\t<div class=\"ekit-wid-con\" ><ol class=\"ekit-breadcrumb\"><li class=\"ekit_breadcrumbs_start\"><a href=\"https:\/\/zarauzkohiribusa.eus\/es\/\">Home<\/a><\/li><\/ol><\/div>\t\t\t\t<\/div>\n\t\t\t\t<\/div>\n\t\t\t\t<\/div>\n\t\t\t\t\t<\/div>\n\t\t\t\t<\/div>\n\t\t<div class=\"elementor-element elementor-element-4ff8c6f e-con-full e-flex e-con e-parent\" data-id=\"4ff8c6f\" data-element_type=\"container\">\n\t\t\t\t<div class=\"elementor-element elementor-element-38113df elementor-widget elementor-widget-image\" data-id=\"38113df\" data-element_type=\"widget\" data-settings=\"{&quot;ekit_we_effect_on&quot;:&quot;none&quot;}\" data-widget_type=\"image.default\">\n\t\t\t\t<div class=\"elementor-widget-container\">\n\t\t\t\t\t\t\t\t\t\t\t\t\t\t\t<img fetchpriority=\"high\" decoding=\"async\" width=\"2560\" height=\"666\" src=\"https:\/\/zarauzkohiribusa.eus\/wp-content\/uploads\/2024\/10\/Movilidad-Compromiso-respeto-scaled.webp\" class=\"attachment-full size-full wp-image-25382\" alt=\"Movilidad, respeto y convivencia. Zarautz 2030\" srcset=\"https:\/\/zarauzkohiribusa.eus\/wp-content\/uploads\/2024\/10\/Movilidad-Compromiso-respeto-scaled.webp 2560w, https:\/\/zarauzkohiribusa.eus\/wp-content\/uploads\/2024\/10\/Movilidad-Compromiso-respeto-650x169.webp 650w, https:\/\/zarauzkohiribusa.eus\/wp-content\/uploads\/2024\/10\/Movilidad-Compromiso-respeto-1920x500.webp 1920w, https:\/\/zarauzkohiribusa.eus\/wp-content\/uploads\/2024\/10\/Movilidad-Compromiso-respeto-768x200.webp 768w, https:\/\/zarauzkohiribusa.eus\/wp-content\/uploads\/2024\/10\/Movilidad-Compromiso-respeto-1536x400.webp 1536w, https:\/\/zarauzkohiribusa.eus\/wp-content\/uploads\/2024\/10\/Movilidad-Compromiso-respeto-2048x533.webp 2048w, https:\/\/zarauzkohiribusa.eus\/wp-content\/uploads\/2024\/10\/Movilidad-Compromiso-respeto-710x185.webp 710w\" sizes=\"(max-width: 2560px) 100vw, 2560px\" \/>\t\t\t\t\t\t\t\t\t\t\t\t\t\t\t<\/div>\n\t\t\t\t<\/div>\n\t\t\t\t<\/div>\n\t\t<div class=\"elementor-element elementor-element-3d4a5f3 e-flex e-con-boxed e-con e-parent\" data-id=\"3d4a5f3\" data-element_type=\"container\" data-settings=\"{&quot;background_background&quot;:&quot;classic&quot;}\">\n\t\t\t\t\t<div class=\"e-con-inner\">\n\t\t<div class=\"elementor-element elementor-element-c690880 e-con-full e-flex e-con e-child\" data-id=\"c690880\" data-element_type=\"container\">\n\t\t<div class=\"elementor-element elementor-element-ad1a22a e-con-full animated-fast e-flex elementor-invisible e-con e-child\" data-id=\"ad1a22a\" data-element_type=\"container\" data-settings=\"{&quot;background_background&quot;:&quot;classic&quot;,&quot;animation&quot;:&quot;fadeIn&quot;,&quot;animation_delay&quot;:100}\">\n\t\t<div class=\"elementor-element elementor-element-81d02c1 e-con-full e-flex e-con e-child\" data-id=\"81d02c1\" data-element_type=\"container\" data-settings=\"{&quot;background_background&quot;:&quot;classic&quot;}\">\n\t\t\t\t<div class=\"elementor-element elementor-element-c922063 elementor-widget elementor-widget-text-editor\" data-id=\"c922063\" data-element_type=\"widget\" data-settings=\"{&quot;ekit_we_effect_on&quot;:&quot;none&quot;}\" data-widget_type=\"text-editor.default\">\n\t\t\t\t<div class=\"elementor-widget-container\">\n\t\t\t\t\t\t\t\t\t<p>Zarauzko Hiribusa se ha dise\u00f1ado siguiendo las directrices del proyecto Movilidad, Respeto, Convivencia, integrado en el plan Estrat\u00e9gico de Zarautz 2030. El desarrollo de este proyecto pretende convertir las calles de Zarautz en<br \/>espacios de uso compartido desde una perspectiva intersectorial y de corresponsabilidad ciudadana.<\/p>\t\t\t\t\t\t\t\t<\/div>\n\t\t\t\t<\/div>\n\t\t\t\t<div class=\"elementor-element elementor-element-471db33 elementor-widget elementor-widget-image\" data-id=\"471db33\" data-element_type=\"widget\" data-settings=\"{&quot;ekit_we_effect_on&quot;:&quot;none&quot;}\" data-widget_type=\"image.default\">\n\t\t\t\t<div class=\"elementor-widget-container\">\n\t\t\t\t\t\t\t\t\t\t\t\t\t\t\t<img decoding=\"async\" width=\"1140\" height=\"1159\" src=\"https:\/\/zarauzkohiribusa.eus\/wp-content\/uploads\/2025\/05\/zarautz_mugikortasuna_EUS.png\" class=\"attachment-large size-large wp-image-25989\" alt=\"Zarautz 2030: Mugikortasuna, Errespetua, Bizikidetza.\" srcset=\"https:\/\/zarauzkohiribusa.eus\/wp-content\/uploads\/2025\/05\/zarautz_mugikortasuna_EUS.png 1604w, https:\/\/zarauzkohiribusa.eus\/wp-content\/uploads\/2025\/05\/zarautz_mugikortasuna_EUS-639x650.png 639w, https:\/\/zarauzkohiribusa.eus\/wp-content\/uploads\/2025\/05\/zarautz_mugikortasuna_EUS-768x781.png 768w, https:\/\/zarauzkohiribusa.eus\/wp-content\/uploads\/2025\/05\/zarautz_mugikortasuna_EUS-1511x1536.png 1511w, https:\/\/zarauzkohiribusa.eus\/wp-content\/uploads\/2025\/05\/zarautz_mugikortasuna_EUS-710x722.png 710w\" sizes=\"(max-width: 1140px) 100vw, 1140px\" \/>\t\t\t\t\t\t\t\t\t\t\t\t\t\t\t<\/div>\n\t\t\t\t<\/div>\n\t\t<div class=\"elementor-element elementor-element-470dd72 e-con-full e-flex e-con e-child\" data-id=\"470dd72\" data-element_type=\"container\">\n\t\t<div class=\"elementor-element elementor-element-b9a568a e-con-full e-flex e-con e-child\" data-id=\"b9a568a\" data-element_type=\"container\">\n\t\t\t\t<div class=\"elementor-element elementor-element-01daa2f elementor-widget elementor-widget-image\" data-id=\"01daa2f\" data-element_type=\"widget\" data-settings=\"{&quot;ekit_we_effect_on&quot;:&quot;none&quot;}\" data-widget_type=\"image.default\">\n\t\t\t\t<div class=\"elementor-widget-container\">\n\t\t\t\t\t\t\t\t\t\t\t\t\t\t\t<img decoding=\"async\" width=\"1140\" height=\"1140\" src=\"https:\/\/zarauzkohiribusa.eus\/wp-content\/uploads\/2024\/09\/suelto-iconos-08.svg\" class=\"attachment-large size-large wp-image-24839\" alt=\"\" \/>\t\t\t\t\t\t\t\t\t\t\t\t\t\t\t<\/div>\n\t\t\t\t<\/div>\n\t\t\t\t<\/div>\n\t\t<div class=\"elementor-element elementor-element-45dceab e-con-full e-flex e-con e-child\" data-id=\"45dceab\" data-element_type=\"container\">\n\t\t\t\t<div class=\"elementor-element elementor-element-4d604dd elementor-widget elementor-widget-image\" data-id=\"4d604dd\" data-element_type=\"widget\" data-settings=\"{&quot;ekit_we_effect_on&quot;:&quot;none&quot;}\" data-widget_type=\"image.default\">\n\t\t\t\t<div class=\"elementor-widget-container\">\n\t\t\t\t\t\t\t\t\t\t\t\t\t\t\t<img loading=\"lazy\" decoding=\"async\" width=\"1140\" height=\"1140\" src=\"https:\/\/zarauzkohiribusa.eus\/wp-content\/uploads\/2024\/09\/suelto-iconos-09.svg\" class=\"attachment-large size-large wp-image-24840\" alt=\"\" \/>\t\t\t\t\t\t\t\t\t\t\t\t\t\t\t<\/div>\n\t\t\t\t<\/div>\n\t\t\t\t<\/div>\n\t\t<div class=\"elementor-element elementor-element-5e59447 e-con-full e-flex e-con e-child\" data-id=\"5e59447\" data-element_type=\"container\">\n\t\t\t\t<div class=\"elementor-element elementor-element-d172585 elementor-widget elementor-widget-image\" data-id=\"d172585\" data-element_type=\"widget\" data-settings=\"{&quot;ekit_we_effect_on&quot;:&quot;none&quot;}\" data-widget_type=\"image.default\">\n\t\t\t\t<div class=\"elementor-widget-container\">\n\t\t\t\t\t\t\t\t\t\t\t\t\t\t\t<img loading=\"lazy\" decoding=\"async\" width=\"1140\" height=\"1140\" src=\"https:\/\/zarauzkohiribusa.eus\/wp-content\/uploads\/2024\/09\/suelto-iconos-10.svg\" class=\"attachment-large size-large wp-image-24841\" alt=\"\" \/>\t\t\t\t\t\t\t\t\t\t\t\t\t\t\t<\/div>\n\t\t\t\t<\/div>\n\t\t\t\t<\/div>\n\t\t\t\t<\/div>\n\t\t\t\t<\/div>\n\t\t<div class=\"elementor-element elementor-element-f9796f2 e-con-full e-flex e-con e-child\" data-id=\"f9796f2\" data-element_type=\"container\" data-settings=\"{&quot;background_background&quot;:&quot;classic&quot;}\">\n\t\t\t\t<div class=\"elementor-element elementor-element-a685d94 elementor-widget elementor-widget-text-editor\" data-id=\"a685d94\" data-element_type=\"widget\" data-settings=\"{&quot;ekit_we_effect_on&quot;:&quot;none&quot;}\" data-widget_type=\"text-editor.default\">\n\t\t\t\t<div class=\"elementor-widget-container\">\n\t\t\t\t\t\t\t\t\t<h5>Los objetivos que persigue este proyecto son:<\/h5><ul><li>Fomentar la convivencia ciudadana en los espacios de uso compartidos.<\/li><li>Fomentar la igualdad, el respeto y la corresponsabilidad en el uso de las v\u00edas.<\/li><li>Identificar los puntos de intervenci\u00f3n en la infraestructura municipal.<\/li><li>Mejorar la circulaci\u00f3n y la seguridad vial entre los distintos m\u00e9todos de transporte.<\/li><li>Mejorar la calidad vida de las personas zarauztarras en general.<\/li><\/ul><h5>Los beneficios con los que se desarrolla el proyecto de Movilidad, Respeto Convivencia son:<\/h5><ul><li>Aumento de la seguridad en el casco urbano.<\/li><li>Fomento de la convivencia.<\/li><li>Un modelo de movilidad sostenible<\/li><li>Mejora del transporte p\u00fablico<\/li><li>Reducci\u00f3n del ruido.<\/li><li>Disminuci\u00f3n de la contaminaci\u00f3n atmosf\u00e9rica<\/li><li>Convertirnos en una localidad m\u00e1s saludable.<\/li><\/ul>\t\t\t\t\t\t\t\t<\/div>\n\t\t\t\t<\/div>\n\t\t\t\t<\/div>\n\t\t\t\t<\/div>\n\t\t\t\t<\/div>\n\t\t\t\t\t<\/div>\n\t\t\t\t<\/div>\n\t\t\t\t<\/div>\n\t\t","protected":false},"excerpt":{"rendered":"<p>Movilidad, Respeto y Convivencia Home Zarauzko Hiribusa se ha dise\u00f1ado siguiendo las directrices del proyecto Movilidad, Respeto, Convivencia, integrado en el plan Estrat\u00e9gico de Zarautz 2030. El desarrollo de este proyecto pretende convertir las calles de Zarautz enespacios de uso compartido desde una perspectiva intersectorial y de corresponsabilidad ciudadana. Los objetivos que persigue este proyecto [&hellip;]<\/p>\n","protected":false},"author":6,"featured_media":0,"parent":0,"menu_order":0,"comment_status":"closed","ping_status":"closed","template":"","meta":{"inline_featured_image":false,"footnotes":""},"class_list":["post-25019","page","type-page","status-publish","hentry"],"yoast_head":"<!-- This site is optimized with the Yoast SEO plugin v26.6 - https:\/\/yoast.com\/wordpress\/plugins\/seo\/ -->\n<title>Movilidad Respeto y Convivencia - Zarauko Hiribusa<\/title>\n<meta name=\"description\" content=\"Zarauzko Hiribusa se ha dise\u00f1ado siguiendo las directrices del proyecto Movilidad, Respeto, Convivencia, integrado en el plan Estrat\u00e9gico de Zarautz 2030.\" \/>\n<meta name=\"robots\" content=\"index, follow, max-snippet:-1, max-image-preview:large, max-video-preview:-1\" \/>\n<link rel=\"canonical\" href=\"https:\/\/zarauzkohiribusa.eus\/es\/movilidad-respeto-y-convivencia\/\" \/>\n<meta property=\"og:locale\" content=\"es_ES\" \/>\n<meta property=\"og:type\" content=\"article\" \/>\n<meta property=\"og:title\" content=\"Movilidad Respeto y Convivencia - Zarauko Hiribusa\" \/>\n<meta property=\"og:description\" content=\"Zarauzko Hiribusa se ha dise\u00f1ado siguiendo las directrices del proyecto Movilidad, Respeto, Convivencia, integrado en el plan Estrat\u00e9gico de Zarautz 2030.\" \/>\n<meta property=\"og:url\" content=\"https:\/\/zarauzkohiribusa.eus\/es\/movilidad-respeto-y-convivencia\/\" \/>\n<meta property=\"og:site_name\" content=\"Zarauko Hiribusa\" \/>\n<meta property=\"article:modified_time\" content=\"2025-05-02T09:15:10+00:00\" \/>\n<meta property=\"og:image\" content=\"https:\/\/zarauzkohiribusa.eus\/wp-content\/uploads\/2024\/10\/Movilidad-Compromiso-respeto-scaled.webp\" \/>\n<meta name=\"twitter:card\" content=\"summary_large_image\" \/>\n<meta name=\"twitter:label1\" content=\"Tiempo de lectura\" \/>\n\t<meta name=\"twitter:data1\" content=\"2 minutos\" \/>\n<script type=\"application\/ld+json\" class=\"yoast-schema-graph\">{\"@context\":\"https:\/\/schema.org\",\"@graph\":[{\"@type\":\"WebPage\",\"@id\":\"https:\/\/zarauzkohiribusa.eus\/es\/movilidad-respeto-y-convivencia\/\",\"url\":\"https:\/\/zarauzkohiribusa.eus\/es\/movilidad-respeto-y-convivencia\/\",\"name\":\"Movilidad Respeto y Convivencia - Zarauko Hiribusa\",\"isPartOf\":{\"@id\":\"https:\/\/zarauzkohiribusa.eus\/#website\"},\"primaryImageOfPage\":{\"@id\":\"https:\/\/zarauzkohiribusa.eus\/es\/movilidad-respeto-y-convivencia\/#primaryimage\"},\"image\":{\"@id\":\"https:\/\/zarauzkohiribusa.eus\/es\/movilidad-respeto-y-convivencia\/#primaryimage\"},\"thumbnailUrl\":\"https:\/\/zarauzkohiribusa.eus\/wp-content\/uploads\/2024\/10\/Movilidad-Compromiso-respeto-scaled.webp\",\"datePublished\":\"2023-11-23T15:20:21+00:00\",\"dateModified\":\"2025-05-02T09:15:10+00:00\",\"description\":\"Zarauzko Hiribusa se ha dise\u00f1ado siguiendo las directrices del proyecto Movilidad, Respeto, Convivencia, integrado en el plan Estrat\u00e9gico de Zarautz 2030.\",\"breadcrumb\":{\"@id\":\"https:\/\/zarauzkohiribusa.eus\/es\/movilidad-respeto-y-convivencia\/#breadcrumb\"},\"inLanguage\":\"es\",\"potentialAction\":[{\"@type\":\"ReadAction\",\"target\":[\"https:\/\/zarauzkohiribusa.eus\/es\/movilidad-respeto-y-convivencia\/\"]}]},{\"@type\":\"ImageObject\",\"inLanguage\":\"es\",\"@id\":\"https:\/\/zarauzkohiribusa.eus\/es\/movilidad-respeto-y-convivencia\/#primaryimage\",\"url\":\"https:\/\/zarauzkohiribusa.eus\/wp-content\/uploads\/2024\/10\/Movilidad-Compromiso-respeto-scaled.webp\",\"contentUrl\":\"https:\/\/zarauzkohiribusa.eus\/wp-content\/uploads\/2024\/10\/Movilidad-Compromiso-respeto-scaled.webp\"},{\"@type\":\"BreadcrumbList\",\"@id\":\"https:\/\/zarauzkohiribusa.eus\/es\/movilidad-respeto-y-convivencia\/#breadcrumb\",\"itemListElement\":[{\"@type\":\"ListItem\",\"position\":1,\"name\":\"Portada\",\"item\":\"https:\/\/zarauzkohiribusa.eus\/es\/\"},{\"@type\":\"ListItem\",\"position\":2,\"name\":\"Movilidad Respeto y Convivencia\"}]},{\"@type\":\"WebSite\",\"@id\":\"https:\/\/zarauzkohiribusa.eus\/#website\",\"url\":\"https:\/\/zarauzkohiribusa.eus\/\",\"name\":\"Zarauzko Hiribusa\",\"description\":\"El bus de Zarautz - Transporte Urbano de Zarautz\",\"publisher\":{\"@id\":\"https:\/\/zarauzkohiribusa.eus\/#organization\"},\"potentialAction\":[{\"@type\":\"SearchAction\",\"target\":{\"@type\":\"EntryPoint\",\"urlTemplate\":\"https:\/\/zarauzkohiribusa.eus\/?s={search_term_string}\"},\"query-input\":{\"@type\":\"PropertyValueSpecification\",\"valueRequired\":true,\"valueName\":\"search_term_string\"}}],\"inLanguage\":\"es\"},{\"@type\":\"Organization\",\"@id\":\"https:\/\/zarauzkohiribusa.eus\/#organization\",\"name\":\"Zarauzko Hiribusa\",\"url\":\"https:\/\/zarauzkohiribusa.eus\/\",\"logo\":{\"@type\":\"ImageObject\",\"inLanguage\":\"es\",\"@id\":\"https:\/\/zarauzkohiribusa.eus\/#\/schema\/logo\/image\/\",\"url\":\"https:\/\/zarauzkohiribusa.eus\/wp-content\/uploads\/2023\/11\/zarauz-LOGO.webp\",\"contentUrl\":\"https:\/\/zarauzkohiribusa.eus\/wp-content\/uploads\/2023\/11\/zarauz-LOGO.webp\",\"width\":383,\"height\":190,\"caption\":\"Zarauzko Hiribusa\"},\"image\":{\"@id\":\"https:\/\/zarauzkohiribusa.eus\/#\/schema\/logo\/image\/\"}}]}<\/script>\n<!-- \/ Yoast SEO plugin. -->","yoast_head_json":{"title":"Movilidad Respeto y Convivencia - Zarauko Hiribusa","description":"Zarauzko Hiribusa se ha dise\u00f1ado siguiendo las directrices del proyecto Movilidad, Respeto, Convivencia, integrado en el plan Estrat\u00e9gico de Zarautz 2030.","robots":{"index":"index","follow":"follow","max-snippet":"max-snippet:-1","max-image-preview":"max-image-preview:large","max-video-preview":"max-video-preview:-1"},"canonical":"https:\/\/zarauzkohiribusa.eus\/es\/movilidad-respeto-y-convivencia\/","og_locale":"es_ES","og_type":"article","og_title":"Movilidad Respeto y Convivencia - Zarauko Hiribusa","og_description":"Zarauzko Hiribusa se ha dise\u00f1ado siguiendo las directrices del proyecto Movilidad, Respeto, Convivencia, integrado en el plan Estrat\u00e9gico de Zarautz 2030.","og_url":"https:\/\/zarauzkohiribusa.eus\/es\/movilidad-respeto-y-convivencia\/","og_site_name":"Zarauko Hiribusa","article_modified_time":"2025-05-02T09:15:10+00:00","og_image":[{"url":"https:\/\/zarauzkohiribusa.eus\/wp-content\/uploads\/2024\/10\/Movilidad-Compromiso-respeto-scaled.webp","type":"","width":"","height":""}],"twitter_card":"summary_large_image","twitter_misc":{"Tiempo de lectura":"2 minutos"},"schema":{"@context":"https:\/\/schema.org","@graph":[{"@type":"WebPage","@id":"https:\/\/zarauzkohiribusa.eus\/es\/movilidad-respeto-y-convivencia\/","url":"https:\/\/zarauzkohiribusa.eus\/es\/movilidad-respeto-y-convivencia\/","name":"Movilidad Respeto y Convivencia - Zarauko Hiribusa","isPartOf":{"@id":"https:\/\/zarauzkohiribusa.eus\/#website"},"primaryImageOfPage":{"@id":"https:\/\/zarauzkohiribusa.eus\/es\/movilidad-respeto-y-convivencia\/#primaryimage"},"image":{"@id":"https:\/\/zarauzkohiribusa.eus\/es\/movilidad-respeto-y-convivencia\/#primaryimage"},"thumbnailUrl":"https:\/\/zarauzkohiribusa.eus\/wp-content\/uploads\/2024\/10\/Movilidad-Compromiso-respeto-scaled.webp","datePublished":"2023-11-23T15:20:21+00:00","dateModified":"2025-05-02T09:15:10+00:00","description":"Zarauzko Hiribusa se ha dise\u00f1ado siguiendo las directrices del proyecto Movilidad, Respeto, Convivencia, integrado en el plan Estrat\u00e9gico de Zarautz 2030.","breadcrumb":{"@id":"https:\/\/zarauzkohiribusa.eus\/es\/movilidad-respeto-y-convivencia\/#breadcrumb"},"inLanguage":"es","potentialAction":[{"@type":"ReadAction","target":["https:\/\/zarauzkohiribusa.eus\/es\/movilidad-respeto-y-convivencia\/"]}]},{"@type":"ImageObject","inLanguage":"es","@id":"https:\/\/zarauzkohiribusa.eus\/es\/movilidad-respeto-y-convivencia\/#primaryimage","url":"https:\/\/zarauzkohiribusa.eus\/wp-content\/uploads\/2024\/10\/Movilidad-Compromiso-respeto-scaled.webp","contentUrl":"https:\/\/zarauzkohiribusa.eus\/wp-content\/uploads\/2024\/10\/Movilidad-Compromiso-respeto-scaled.webp"},{"@type":"BreadcrumbList","@id":"https:\/\/zarauzkohiribusa.eus\/es\/movilidad-respeto-y-convivencia\/#breadcrumb","itemListElement":[{"@type":"ListItem","position":1,"name":"Portada","item":"https:\/\/zarauzkohiribusa.eus\/es\/"},{"@type":"ListItem","position":2,"name":"Movilidad Respeto y Convivencia"}]},{"@type":"WebSite","@id":"https:\/\/zarauzkohiribusa.eus\/#website","url":"https:\/\/zarauzkohiribusa.eus\/","name":"Zarauzko Hiribusa","description":"El bus de Zarautz - Transporte Urbano de Zarautz","publisher":{"@id":"https:\/\/zarauzkohiribusa.eus\/#organization"},"potentialAction":[{"@type":"SearchAction","target":{"@type":"EntryPoint","urlTemplate":"https:\/\/zarauzkohiribusa.eus\/?s={search_term_string}"},"query-input":{"@type":"PropertyValueSpecification","valueRequired":true,"valueName":"search_term_string"}}],"inLanguage":"es"},{"@type":"Organization","@id":"https:\/\/zarauzkohiribusa.eus\/#organization","name":"Zarauzko Hiribusa","url":"https:\/\/zarauzkohiribusa.eus\/","logo":{"@type":"ImageObject","inLanguage":"es","@id":"https:\/\/zarauzkohiribusa.eus\/#\/schema\/logo\/image\/","url":"https:\/\/zarauzkohiribusa.eus\/wp-content\/uploads\/2023\/11\/zarauz-LOGO.webp","contentUrl":"https:\/\/zarauzkohiribusa.eus\/wp-content\/uploads\/2023\/11\/zarauz-LOGO.webp","width":383,"height":190,"caption":"Zarauzko Hiribusa"},"image":{"@id":"https:\/\/zarauzkohiribusa.eus\/#\/schema\/logo\/image\/"}}]}},"_links":{"self":[{"href":"https:\/\/zarauzkohiribusa.eus\/es\/wp-json\/wp\/v2\/pages\/25019","targetHints":{"allow":["GET"]}}],"collection":[{"href":"https:\/\/zarauzkohiribusa.eus\/es\/wp-json\/wp\/v2\/pages"}],"about":[{"href":"https:\/\/zarauzkohiribusa.eus\/es\/wp-json\/wp\/v2\/types\/page"}],"author":[{"embeddable":true,"href":"https:\/\/zarauzkohiribusa.eus\/es\/wp-json\/wp\/v2\/users\/6"}],"replies":[{"embeddable":true,"href":"https:\/\/zarauzkohiribusa.eus\/es\/wp-json\/wp\/v2\/comments?post=25019"}],"version-history":[{"count":0,"href":"https:\/\/zarauzkohiribusa.eus\/es\/wp-json\/wp\/v2\/pages\/25019\/revisions"}],"wp:attachment":[{"href":"https:\/\/zarauzkohiribusa.eus\/es\/wp-json\/wp\/v2\/media?parent=25019"}],"curies":[{"name":"wp","href":"https:\/\/api.w.org\/{rel}","templated":true}]}}