{"id":25081,"date":"2023-11-23T14:20:34","date_gmt":"2023-11-23T15:20:34","guid":{"rendered":"https:\/\/zarauzkohiribusa.eus\/atencion-al-viajero\/"},"modified":"2024-10-08T09:37:25","modified_gmt":"2024-10-08T10:37:25","slug":"atencion-al-viajero","status":"publish","type":"page","link":"https:\/\/zarauzkohiribusa.eus\/es\/atencion-al-viajero\/","title":{"rendered":"Atenci\u00f3n al usuario"},"content":{"rendered":"\t\t<div data-elementor-type=\"wp-page\" data-elementor-id=\"25081\" class=\"elementor elementor-25081 elementor-23457\" data-elementor-post-type=\"page\">\n\t\t\t\t<div class=\"elementor-element elementor-element-2b5f283 e-flex e-con-boxed e-con e-parent\" data-id=\"2b5f283\" data-element_type=\"container\" data-settings=\"{&quot;background_background&quot;:&quot;classic&quot;}\">\n\t\t\t\t\t<div class=\"e-con-inner\">\n\t\t<div class=\"elementor-element elementor-element-6a9a5f8 e-con-full e-flex e-con e-child\" data-id=\"6a9a5f8\" data-element_type=\"container\">\n\t\t\t\t<div class=\"elementor-element elementor-element-ea48a95 animated-fast elementor-invisible elementor-widget elementor-widget-elementskit-heading\" data-id=\"ea48a95\" data-element_type=\"widget\" data-settings=\"{&quot;_animation&quot;:&quot;fadeIn&quot;,&quot;_animation_delay&quot;:100,&quot;ekit_we_effect_on&quot;:&quot;css&quot;}\" data-widget_type=\"elementskit-heading.default\">\n\t\t\t\t<div class=\"elementor-widget-container\">\n\t\t\t\t\t<div class=\"ekit-wid-con\" ><div class=\"ekit-heading elementskit-section-title-wraper text_left   ekit_heading_tablet-   ekit_heading_mobile-text_center\"><h1 class=\"ekit-heading--title elementskit-section-title \">Atenci\u00f3n al usuario<\/h1><\/div><\/div>\t\t\t\t<\/div>\n\t\t\t\t<\/div>\n\t\t\t\t<div class=\"elementor-element elementor-element-f471ece animated-fast elementor-invisible elementor-widget elementor-widget-elementskit-breadcrumb\" data-id=\"f471ece\" data-element_type=\"widget\" data-settings=\"{&quot;_animation&quot;:&quot;fadeIn&quot;,&quot;_animation_delay&quot;:100,&quot;ekit_we_effect_on&quot;:&quot;none&quot;}\" data-widget_type=\"elementskit-breadcrumb.default\">\n\t\t\t\t<div class=\"elementor-widget-container\">\n\t\t\t\t\t<div class=\"ekit-wid-con\" ><ol class=\"ekit-breadcrumb\"><li class=\"ekit_breadcrumbs_start\"><a href=\"https:\/\/zarauzkohiribusa.eus\/es\/\">Home<\/a><\/li><\/ol><\/div>\t\t\t\t<\/div>\n\t\t\t\t<\/div>\n\t\t\t\t<\/div>\n\t\t\t\t\t<\/div>\n\t\t\t\t<\/div>\n\t\t<div class=\"elementor-element elementor-element-fd87523 e-con-full e-flex e-con e-parent\" data-id=\"fd87523\" data-element_type=\"container\">\n\t\t\t\t<div class=\"elementor-element elementor-element-b263730 elementor-widget elementor-widget-image\" data-id=\"b263730\" data-element_type=\"widget\" data-settings=\"{&quot;ekit_we_effect_on&quot;:&quot;none&quot;}\" data-widget_type=\"image.default\">\n\t\t\t\t<div class=\"elementor-widget-container\">\n\t\t\t\t\t\t\t\t\t\t\t\t\t\t\t<img fetchpriority=\"high\" decoding=\"async\" width=\"2560\" height=\"666\" src=\"https:\/\/zarauzkohiribusa.eus\/wp-content\/uploads\/2024\/10\/Contacto-scaled.webp\" class=\"attachment-full size-full wp-image-25390\" alt=\"Zarauzko HiriBusa. Contacto.\" srcset=\"https:\/\/zarauzkohiribusa.eus\/wp-content\/uploads\/2024\/10\/Contacto-scaled.webp 2560w, https:\/\/zarauzkohiribusa.eus\/wp-content\/uploads\/2024\/10\/Contacto-650x169.webp 650w, https:\/\/zarauzkohiribusa.eus\/wp-content\/uploads\/2024\/10\/Contacto-1920x499.webp 1920w, https:\/\/zarauzkohiribusa.eus\/wp-content\/uploads\/2024\/10\/Contacto-768x200.webp 768w, https:\/\/zarauzkohiribusa.eus\/wp-content\/uploads\/2024\/10\/Contacto-1536x399.webp 1536w, https:\/\/zarauzkohiribusa.eus\/wp-content\/uploads\/2024\/10\/Contacto-2048x532.webp 2048w, https:\/\/zarauzkohiribusa.eus\/wp-content\/uploads\/2024\/10\/Contacto-710x185.webp 710w\" sizes=\"(max-width: 2560px) 100vw, 2560px\" \/>\t\t\t\t\t\t\t\t\t\t\t\t\t\t\t<\/div>\n\t\t\t\t<\/div>\n\t\t\t\t<\/div>\n\t\t<div class=\"elementor-element elementor-element-c379df8 e-flex e-con-boxed e-con e-parent\" data-id=\"c379df8\" data-element_type=\"container\" data-settings=\"{&quot;background_background&quot;:&quot;classic&quot;}\">\n\t\t\t\t\t<div class=\"e-con-inner\">\n\t\t<div class=\"elementor-element elementor-element-cd89d5d e-con-full e-flex e-con e-child\" data-id=\"cd89d5d\" data-element_type=\"container\">\n\t\t<div class=\"elementor-element elementor-element-6749db1 e-con-full e-flex e-con e-child\" data-id=\"6749db1\" data-element_type=\"container\" data-settings=\"{&quot;background_background&quot;:&quot;classic&quot;}\">\n\t\t\t\t<div class=\"elementor-element elementor-element-f32bdff elementor-widget elementor-widget-elementskit-contact-form7\" data-id=\"f32bdff\" data-element_type=\"widget\" data-settings=\"{&quot;ekit_we_effect_on&quot;:&quot;none&quot;}\" data-widget_type=\"elementskit-contact-form7.default\">\n\t\t\t\t<div class=\"elementor-widget-container\">\n\t\t\t\t\t<div class=\"ekit-wid-con\" ><div class=\"ekit-form\">\n<div class=\"wpcf7 no-js\" id=\"wpcf7-f23422-o1\" lang=\"en-US\" dir=\"ltr\" data-wpcf7-id=\"23422\">\n<div class=\"screen-reader-response\"><p role=\"status\" aria-live=\"polite\" aria-atomic=\"true\"><\/p> <ul><\/ul><\/div>\n<form action=\"\/es\/wp-json\/wp\/v2\/pages\/25081#wpcf7-f23422-o1\" method=\"post\" class=\"wpcf7-form init\" aria-label=\"Contact form\" novalidate=\"novalidate\" data-status=\"init\">\n<fieldset class=\"hidden-fields-container\"><input type=\"hidden\" name=\"_wpcf7\" value=\"23422\" \/><input type=\"hidden\" name=\"_wpcf7_version\" value=\"6.1.4\" \/><input type=\"hidden\" name=\"_wpcf7_locale\" value=\"en_US\" \/><input type=\"hidden\" name=\"_wpcf7_unit_tag\" value=\"wpcf7-f23422-o1\" \/><input type=\"hidden\" name=\"_wpcf7_container_post\" value=\"0\" \/><input type=\"hidden\" name=\"_wpcf7_posted_data_hash\" value=\"\" \/>\n<\/fieldset>\n<div class=\"inline-form\">\n\t<div class=\"keydesign-label adora-select\">\n\t\t<p><span class=\"wpcf7-form-control-wrap\" data-name=\"opciones_informacion\"><select class=\"wpcf7-form-control wpcf7-select wpcf7-validates-as-required\" aria-required=\"true\" aria-invalid=\"false\" name=\"opciones_informacion\"><option value=\"\">\u00bfQue deseas hacer?<\/option><option value=\"Solicitar Informaci\u00f3n\">Solicitar Informaci\u00f3n<\/option><option value=\"Objetos perdidos\">Objetos perdidos<\/option><option value=\"Realizar una reclamaci\u00f3n\">Realizar una reclamaci\u00f3n<\/option><\/select><\/span>\n\t\t<\/p>\n\t<\/div>\n<\/div>\n<div class=\"inline-form\">\n\t<div class=\"keydesign-label\">\n\t\t<p><label>Nombre *<\/label><span class=\"wpcf7-form-control-wrap\" data-name=\"viajero-nombre\"><input size=\"40\" maxlength=\"400\" class=\"wpcf7-form-control wpcf7-text wpcf7-validates-as-required\" autocomplete=\"nombre\" aria-required=\"true\" aria-invalid=\"false\" value=\"\" type=\"text\" name=\"viajero-nombre\" \/><\/span>\n\t\t<\/p>\n\t<\/div>\n\t<div class=\"keydesign-label\">\n\t\t<p><label>Apellidos *<\/label><span class=\"wpcf7-form-control-wrap\" data-name=\"viajero-apellidos\"><input size=\"40\" maxlength=\"400\" class=\"wpcf7-form-control wpcf7-text wpcf7-validates-as-required\" autocomplete=\"apellidos\" aria-required=\"true\" aria-invalid=\"false\" value=\"\" type=\"text\" name=\"viajero-apellidos\" \/><\/span>\n\t\t<\/p>\n\t<\/div>\n\t<div class=\"keydesign-label\">\n\t\t<p><label>Tel\u00e9fono *<\/label><span class=\"wpcf7-form-control-wrap\" data-name=\"viajero-telefono\"><input size=\"40\" maxlength=\"400\" class=\"wpcf7-form-control wpcf7-tel wpcf7-validates-as-required wpcf7-text wpcf7-validates-as-tel\" autocomplete=\"telefono\" aria-required=\"true\" aria-invalid=\"false\" value=\"\" type=\"tel\" name=\"viajero-telefono\" \/><\/span>\n\t\t<\/p>\n\t<\/div>\n<\/div>\n<div class=\"inline-form\">\n\t<div class=\"keydesign-label\">\n\t\t<p><label>Email Email *<\/label><span class=\"wpcf7-form-control-wrap\" data-name=\"viajero-email\"><input size=\"40\" maxlength=\"400\" class=\"wpcf7-form-control wpcf7-email wpcf7-validates-as-required wpcf7-text wpcf7-validates-as-email\" autocomplete=\"email\" aria-required=\"true\" aria-invalid=\"false\" value=\"\" type=\"email\" name=\"viajero-email\" \/><\/span>\n\t\t<\/p>\n\t<\/div>\n\t<div class=\"keydesign-label\">\n\t\t<p><label>l\u00ednea <\/label><span class=\"wpcf7-form-control-wrap\" data-name=\"viajero-linea\"><input size=\"40\" maxlength=\"400\" class=\"wpcf7-form-control wpcf7-text\" autocomplete=\"linea\" aria-invalid=\"false\" value=\"\" type=\"text\" name=\"viajero-linea\" \/><\/span>\n\t\t<\/p>\n\t<\/div>\n<\/div>\n<div class=\"keydesign-label\">\n\t<p><label>Comentario<\/label><span class=\"wpcf7-form-control-wrap\" data-name=\"viajero-comentario\"><textarea cols=\"40\" rows=\"10\" maxlength=\"2000\" class=\"wpcf7-form-control wpcf7-textarea\" aria-invalid=\"false\" name=\"viajero-comentario\"><\/textarea><\/span>\n\t<\/p>\n<\/div>\n<p><span class=\"wpcf7-form-control-wrap\" data-name=\"your-consent\"><span class=\"wpcf7-form-control wpcf7-acceptance\"><span class=\"wpcf7-list-item\"><label><input type=\"checkbox\" name=\"your-consent\" value=\"1\" aria-invalid=\"false\" \/><span class=\"wpcf7-list-item-label\">Entiendo y Acepto la <a href=\"#\" target=\"_blank\">pol\u00edtica de privacidad<\/a>.<\/span><\/label><\/span><\/span><\/span>\n<\/p>\n<p><input class=\"wpcf7-form-control wpcf7-submit has-spinner\" type=\"submit\" value=\"Enviar\" \/>\n<\/p><div class=\"wpcf7-response-output\" aria-hidden=\"true\"><\/div>\n<\/form>\n<\/div>\n<\/div><\/div>\t\t\t\t<\/div>\n\t\t\t\t<\/div>\n\t\t\t\t<\/div>\n\t\t\t\t<\/div>\n\t\t\t\t\t<\/div>\n\t\t\t\t<\/div>\n\t\t<div class=\"elementor-element elementor-element-7f97d1d e-flex e-con-boxed e-con e-parent\" data-id=\"7f97d1d\" data-element_type=\"container\">\n\t\t\t\t\t<div class=\"e-con-inner\">\n\t\t<div class=\"elementor-element elementor-element-2c2e92e e-con-full e-flex e-con e-child\" data-id=\"2c2e92e\" data-element_type=\"container\">\n\t\t\t\t<\/div>\n\t\t<div class=\"elementor-element elementor-element-8c826bb e-con-full e-flex e-con e-child\" data-id=\"8c826bb\" data-element_type=\"container\">\n\t\t\t\t<div class=\"elementor-element elementor-element-fce9aa3 elementor-view-framed elementor-position-left elementor-shape-circle elementor-mobile-position-top elementor-widget elementor-widget-icon-box\" data-id=\"fce9aa3\" data-element_type=\"widget\" data-settings=\"{&quot;ekit_we_effect_on&quot;:&quot;none&quot;}\" data-widget_type=\"icon-box.default\">\n\t\t\t\t<div class=\"elementor-widget-container\">\n\t\t\t\t\t\t\t<div class=\"elementor-icon-box-wrapper\">\n\n\t\t\t\t\t\t<div class=\"elementor-icon-box-icon\">\n\t\t\t\t<span  class=\"elementor-icon\">\n\t\t\t\t<i aria-hidden=\"true\" class=\"icon icon-phone1\"><\/i>\t\t\t\t<\/span>\n\t\t\t<\/div>\n\t\t\t\n\t\t\t\t\t\t<div class=\"elementor-icon-box-content\">\n\n\t\t\t\t\t\t\t\t\t<span class=\"elementor-icon-box-title\">\n\t\t\t\t\t\t<span  >\n\t\t\t\t\t\t\t900 10 30 80\t\t\t\t\t\t<\/span>\n\t\t\t\t\t<\/span>\n\t\t\t\t\n\t\t\t\t\n\t\t\t<\/div>\n\t\t\t\n\t\t<\/div>\n\t\t\t\t\t\t<\/div>\n\t\t\t\t<\/div>\n\t\t\t\t<\/div>\n\t\t<div class=\"elementor-element elementor-element-3a4b5b3 e-con-full e-flex e-con e-child\" data-id=\"3a4b5b3\" data-element_type=\"container\">\n\t\t\t\t<div class=\"elementor-element elementor-element-ded8b24 elementor-view-framed elementor-position-left elementor-shape-circle elementor-mobile-position-top elementor-widget elementor-widget-icon-box\" data-id=\"ded8b24\" data-element_type=\"widget\" data-settings=\"{&quot;ekit_we_effect_on&quot;:&quot;none&quot;}\" data-widget_type=\"icon-box.default\">\n\t\t\t\t<div class=\"elementor-widget-container\">\n\t\t\t\t\t\t\t<div class=\"elementor-icon-box-wrapper\">\n\n\t\t\t\t\t\t<div class=\"elementor-icon-box-icon\">\n\t\t\t\t<a href=\"\" class=\"elementor-icon\" tabindex=\"-1\" aria-label=\"bezeroarreta@zarauzkohiribusa.eus\">\n\t\t\t\t<i aria-hidden=\"true\" class=\"icon icon-envelope2\"><\/i>\t\t\t\t<\/a>\n\t\t\t<\/div>\n\t\t\t\n\t\t\t\t\t\t<div class=\"elementor-icon-box-content\">\n\n\t\t\t\t\t\t\t\t\t<span class=\"elementor-icon-box-title\">\n\t\t\t\t\t\t<a href=\"\" >\n\t\t\t\t\t\t\tbezeroarreta@zarauzkohiribusa.eus\t\t\t\t\t\t<\/a>\n\t\t\t\t\t<\/span>\n\t\t\t\t\n\t\t\t\t\n\t\t\t<\/div>\n\t\t\t\n\t\t<\/div>\n\t\t\t\t\t\t<\/div>\n\t\t\t\t<\/div>\n\t\t\t\t<\/div>\n\t\t<div class=\"elementor-element elementor-element-626b4ba e-con-full e-flex e-con e-child\" data-id=\"626b4ba\" data-element_type=\"container\">\n\t\t\t\t<\/div>\n\t\t\t\t\t<\/div>\n\t\t\t\t<\/div>\n\t\t\t\t<\/div>\n\t\t","protected":false},"excerpt":{"rendered":"<p>Atenci\u00f3n al usuario Home \u00bfQue deseas hacer?Solicitar Informaci\u00f3nObjetos perdidosRealizar una reclamaci\u00f3n Nombre * Apellidos * Tel\u00e9fono * Email Email * l\u00ednea Comentario Entiendo y Acepto la pol\u00edtica de privacidad. 900 10 30 80 bezeroarreta@zarauzkohiribusa.eus<\/p>\n","protected":false},"author":6,"featured_media":0,"parent":0,"menu_order":0,"comment_status":"closed","ping_status":"closed","template":"","meta":{"inline_featured_image":false,"footnotes":""},"class_list":["post-25081","page","type-page","status-publish","hentry"],"yoast_head":"<!-- This site is optimized with the Yoast SEO plugin v26.6 - https:\/\/yoast.com\/wordpress\/plugins\/seo\/ -->\n<title>Atenci\u00f3n al usuario - Zarauko Hiribusa<\/title>\n<meta name=\"robots\" content=\"index, follow, max-snippet:-1, max-image-preview:large, max-video-preview:-1\" \/>\n<link rel=\"canonical\" href=\"https:\/\/zarauzkohiribusa.eus\/es\/atencion-al-viajero\/\" \/>\n<meta property=\"og:locale\" content=\"es_ES\" \/>\n<meta property=\"og:type\" content=\"article\" \/>\n<meta property=\"og:title\" content=\"Atenci\u00f3n al usuario - Zarauko Hiribusa\" \/>\n<meta property=\"og:description\" content=\"Atenci\u00f3n al usuario Home \u00bfQue deseas hacer?Solicitar Informaci\u00f3nObjetos perdidosRealizar una reclamaci\u00f3n Nombre * Apellidos * Tel\u00e9fono * Email Email * l\u00ednea Comentario Entiendo y Acepto la pol\u00edtica de privacidad. 900 10 30 80 bezeroarreta@zarauzkohiribusa.eus\" \/>\n<meta property=\"og:url\" content=\"https:\/\/zarauzkohiribusa.eus\/es\/atencion-al-viajero\/\" \/>\n<meta property=\"og:site_name\" content=\"Zarauko Hiribusa\" \/>\n<meta property=\"article:modified_time\" content=\"2024-10-08T10:37:25+00:00\" \/>\n<meta property=\"og:image\" content=\"https:\/\/zarauzkohiribusa.eus\/wp-content\/uploads\/2024\/10\/Contacto-scaled.webp\" \/>\n<meta name=\"twitter:card\" content=\"summary_large_image\" \/>\n<meta name=\"twitter:label1\" content=\"Tiempo de lectura\" \/>\n\t<meta name=\"twitter:data1\" content=\"1 minuto\" \/>\n<script type=\"application\/ld+json\" class=\"yoast-schema-graph\">{\"@context\":\"https:\/\/schema.org\",\"@graph\":[{\"@type\":\"WebPage\",\"@id\":\"https:\/\/zarauzkohiribusa.eus\/es\/atencion-al-viajero\/\",\"url\":\"https:\/\/zarauzkohiribusa.eus\/es\/atencion-al-viajero\/\",\"name\":\"Atenci\u00f3n al usuario - Zarauko Hiribusa\",\"isPartOf\":{\"@id\":\"https:\/\/zarauzkohiribusa.eus\/#website\"},\"primaryImageOfPage\":{\"@id\":\"https:\/\/zarauzkohiribusa.eus\/es\/atencion-al-viajero\/#primaryimage\"},\"image\":{\"@id\":\"https:\/\/zarauzkohiribusa.eus\/es\/atencion-al-viajero\/#primaryimage\"},\"thumbnailUrl\":\"https:\/\/zarauzkohiribusa.eus\/wp-content\/uploads\/2024\/10\/Contacto-scaled.webp\",\"datePublished\":\"2023-11-23T15:20:34+00:00\",\"dateModified\":\"2024-10-08T10:37:25+00:00\",\"breadcrumb\":{\"@id\":\"https:\/\/zarauzkohiribusa.eus\/es\/atencion-al-viajero\/#breadcrumb\"},\"inLanguage\":\"es\",\"potentialAction\":[{\"@type\":\"ReadAction\",\"target\":[\"https:\/\/zarauzkohiribusa.eus\/es\/atencion-al-viajero\/\"]}]},{\"@type\":\"ImageObject\",\"inLanguage\":\"es\",\"@id\":\"https:\/\/zarauzkohiribusa.eus\/es\/atencion-al-viajero\/#primaryimage\",\"url\":\"https:\/\/zarauzkohiribusa.eus\/wp-content\/uploads\/2024\/10\/Contacto-scaled.webp\",\"contentUrl\":\"https:\/\/zarauzkohiribusa.eus\/wp-content\/uploads\/2024\/10\/Contacto-scaled.webp\"},{\"@type\":\"BreadcrumbList\",\"@id\":\"https:\/\/zarauzkohiribusa.eus\/es\/atencion-al-viajero\/#breadcrumb\",\"itemListElement\":[{\"@type\":\"ListItem\",\"position\":1,\"name\":\"Portada\",\"item\":\"https:\/\/zarauzkohiribusa.eus\/es\/\"},{\"@type\":\"ListItem\",\"position\":2,\"name\":\"Atenci\u00f3n al usuario\"}]},{\"@type\":\"WebSite\",\"@id\":\"https:\/\/zarauzkohiribusa.eus\/#website\",\"url\":\"https:\/\/zarauzkohiribusa.eus\/\",\"name\":\"Zarauzko Hiribusa\",\"description\":\"El bus de Zarautz - Transporte Urbano de Zarautz\",\"publisher\":{\"@id\":\"https:\/\/zarauzkohiribusa.eus\/#organization\"},\"potentialAction\":[{\"@type\":\"SearchAction\",\"target\":{\"@type\":\"EntryPoint\",\"urlTemplate\":\"https:\/\/zarauzkohiribusa.eus\/?s={search_term_string}\"},\"query-input\":{\"@type\":\"PropertyValueSpecification\",\"valueRequired\":true,\"valueName\":\"search_term_string\"}}],\"inLanguage\":\"es\"},{\"@type\":\"Organization\",\"@id\":\"https:\/\/zarauzkohiribusa.eus\/#organization\",\"name\":\"Zarauzko Hiribusa\",\"url\":\"https:\/\/zarauzkohiribusa.eus\/\",\"logo\":{\"@type\":\"ImageObject\",\"inLanguage\":\"es\",\"@id\":\"https:\/\/zarauzkohiribusa.eus\/#\/schema\/logo\/image\/\",\"url\":\"https:\/\/zarauzkohiribusa.eus\/wp-content\/uploads\/2023\/11\/zarauz-LOGO.webp\",\"contentUrl\":\"https:\/\/zarauzkohiribusa.eus\/wp-content\/uploads\/2023\/11\/zarauz-LOGO.webp\",\"width\":383,\"height\":190,\"caption\":\"Zarauzko Hiribusa\"},\"image\":{\"@id\":\"https:\/\/zarauzkohiribusa.eus\/#\/schema\/logo\/image\/\"}}]}<\/script>\n<!-- \/ Yoast SEO plugin. -->","yoast_head_json":{"title":"Atenci\u00f3n al usuario - Zarauko Hiribusa","robots":{"index":"index","follow":"follow","max-snippet":"max-snippet:-1","max-image-preview":"max-image-preview:large","max-video-preview":"max-video-preview:-1"},"canonical":"https:\/\/zarauzkohiribusa.eus\/es\/atencion-al-viajero\/","og_locale":"es_ES","og_type":"article","og_title":"Atenci\u00f3n al usuario - Zarauko Hiribusa","og_description":"Atenci\u00f3n al usuario Home \u00bfQue deseas hacer?Solicitar Informaci\u00f3nObjetos perdidosRealizar una reclamaci\u00f3n Nombre * Apellidos * Tel\u00e9fono * Email Email * l\u00ednea Comentario Entiendo y Acepto la pol\u00edtica de privacidad. 900 10 30 80 bezeroarreta@zarauzkohiribusa.eus","og_url":"https:\/\/zarauzkohiribusa.eus\/es\/atencion-al-viajero\/","og_site_name":"Zarauko Hiribusa","article_modified_time":"2024-10-08T10:37:25+00:00","og_image":[{"url":"https:\/\/zarauzkohiribusa.eus\/wp-content\/uploads\/2024\/10\/Contacto-scaled.webp","type":"","width":"","height":""}],"twitter_card":"summary_large_image","twitter_misc":{"Tiempo de lectura":"1 minuto"},"schema":{"@context":"https:\/\/schema.org","@graph":[{"@type":"WebPage","@id":"https:\/\/zarauzkohiribusa.eus\/es\/atencion-al-viajero\/","url":"https:\/\/zarauzkohiribusa.eus\/es\/atencion-al-viajero\/","name":"Atenci\u00f3n al usuario - Zarauko Hiribusa","isPartOf":{"@id":"https:\/\/zarauzkohiribusa.eus\/#website"},"primaryImageOfPage":{"@id":"https:\/\/zarauzkohiribusa.eus\/es\/atencion-al-viajero\/#primaryimage"},"image":{"@id":"https:\/\/zarauzkohiribusa.eus\/es\/atencion-al-viajero\/#primaryimage"},"thumbnailUrl":"https:\/\/zarauzkohiribusa.eus\/wp-content\/uploads\/2024\/10\/Contacto-scaled.webp","datePublished":"2023-11-23T15:20:34+00:00","dateModified":"2024-10-08T10:37:25+00:00","breadcrumb":{"@id":"https:\/\/zarauzkohiribusa.eus\/es\/atencion-al-viajero\/#breadcrumb"},"inLanguage":"es","potentialAction":[{"@type":"ReadAction","target":["https:\/\/zarauzkohiribusa.eus\/es\/atencion-al-viajero\/"]}]},{"@type":"ImageObject","inLanguage":"es","@id":"https:\/\/zarauzkohiribusa.eus\/es\/atencion-al-viajero\/#primaryimage","url":"https:\/\/zarauzkohiribusa.eus\/wp-content\/uploads\/2024\/10\/Contacto-scaled.webp","contentUrl":"https:\/\/zarauzkohiribusa.eus\/wp-content\/uploads\/2024\/10\/Contacto-scaled.webp"},{"@type":"BreadcrumbList","@id":"https:\/\/zarauzkohiribusa.eus\/es\/atencion-al-viajero\/#breadcrumb","itemListElement":[{"@type":"ListItem","position":1,"name":"Portada","item":"https:\/\/zarauzkohiribusa.eus\/es\/"},{"@type":"ListItem","position":2,"name":"Atenci\u00f3n al usuario"}]},{"@type":"WebSite","@id":"https:\/\/zarauzkohiribusa.eus\/#website","url":"https:\/\/zarauzkohiribusa.eus\/","name":"Zarauzko Hiribusa","description":"El bus de Zarautz - Transporte Urbano de Zarautz","publisher":{"@id":"https:\/\/zarauzkohiribusa.eus\/#organization"},"potentialAction":[{"@type":"SearchAction","target":{"@type":"EntryPoint","urlTemplate":"https:\/\/zarauzkohiribusa.eus\/?s={search_term_string}"},"query-input":{"@type":"PropertyValueSpecification","valueRequired":true,"valueName":"search_term_string"}}],"inLanguage":"es"},{"@type":"Organization","@id":"https:\/\/zarauzkohiribusa.eus\/#organization","name":"Zarauzko Hiribusa","url":"https:\/\/zarauzkohiribusa.eus\/","logo":{"@type":"ImageObject","inLanguage":"es","@id":"https:\/\/zarauzkohiribusa.eus\/#\/schema\/logo\/image\/","url":"https:\/\/zarauzkohiribusa.eus\/wp-content\/uploads\/2023\/11\/zarauz-LOGO.webp","contentUrl":"https:\/\/zarauzkohiribusa.eus\/wp-content\/uploads\/2023\/11\/zarauz-LOGO.webp","width":383,"height":190,"caption":"Zarauzko Hiribusa"},"image":{"@id":"https:\/\/zarauzkohiribusa.eus\/#\/schema\/logo\/image\/"}}]}},"_links":{"self":[{"href":"https:\/\/zarauzkohiribusa.eus\/es\/wp-json\/wp\/v2\/pages\/25081","targetHints":{"allow":["GET"]}}],"collection":[{"href":"https:\/\/zarauzkohiribusa.eus\/es\/wp-json\/wp\/v2\/pages"}],"about":[{"href":"https:\/\/zarauzkohiribusa.eus\/es\/wp-json\/wp\/v2\/types\/page"}],"author":[{"embeddable":true,"href":"https:\/\/zarauzkohiribusa.eus\/es\/wp-json\/wp\/v2\/users\/6"}],"replies":[{"embeddable":true,"href":"https:\/\/zarauzkohiribusa.eus\/es\/wp-json\/wp\/v2\/comments?post=25081"}],"version-history":[{"count":0,"href":"https:\/\/zarauzkohiribusa.eus\/es\/wp-json\/wp\/v2\/pages\/25081\/revisions"}],"wp:attachment":[{"href":"https:\/\/zarauzkohiribusa.eus\/es\/wp-json\/wp\/v2\/media?parent=25081"}],"curies":[{"name":"wp","href":"https:\/\/api.w.org\/{rel}","templated":true}]}}