{"id":25526,"date":"2024-10-04T22:12:45","date_gmt":"2024-10-04T23:12:45","guid":{"rendered":"https:\/\/zarauzkohiribusa.eus\/?page_id=25526"},"modified":"2024-10-04T22:12:46","modified_gmt":"2024-10-04T23:12:46","slug":"politica-de-cookies","status":"publish","type":"page","link":"https:\/\/zarauzkohiribusa.eus\/es\/politica-de-cookies\/","title":{"rendered":"Pol\u00edtica de Cookies"},"content":{"rendered":"\n<h2 class=\"wp-block-heading\">Uso de Cookies<\/h2>\n\n\n\n<p>Este sitio web propiedad de UTE Zarauzko Hiribusa, utiliza cookies propias y de terceros. Las cookies son peque\u00f1os archivos de informaci\u00f3n que se almacenan en el ordenador de quien accede a la p\u00e1gina para el correcto funcionamiento y visualizaci\u00f3n del sitio web, as\u00ed como para la recogida de estad\u00edsticas.\u00a0<\/p>\n\n\n\n<p>Las cookies activas en el sitio web&nbsp; www.sureuskadi.es tienen por finalidad facilitar el correcto funcionamiento del sitio web y recabar estad\u00edsticas.&nbsp;<\/p>\n\n\n\n<p>En concreto utilizamos las siguientes:&nbsp;<\/p>\n\n\n\n<figure class=\"wp-block-table\"><table><tbody><tr><td>Nombre<\/td><td>Dominio<\/td><td>Duraci\u00f3n<\/td><td>Propiedad<\/td><td>Finalidad<\/td><\/tr><tr><td>wp-wpml_current_language<\/td><td>zarauzkohiribusa.eus<\/td><td>session<\/td><td>propia<\/td><td>Almacena el idioma actual. De forma predeterminada, esta cookie est\u00e1 configurada solo para usuarios que han iniciado sesi\u00f3n. Si habilita la cookie de idioma para admitir el filtrado AJAX, esta cookie tambi\u00e9n se establecer\u00e1 para los usuarios que no hayan iniciado sesi\u00f3n.<\/td><\/tr><tr><td>moove_gdpr_popup<\/td><td>Cookie funcional<\/td><td>365 d\u00edas<\/td><td>propia<\/td><td>Controla la aceptaci\u00f3n o bloqueo de los scripts de las cookies no funcionales de terceros.<\/td><\/tr><tr><td>_gat<\/td><td>Cookie de an\u00e1lisis<\/td><td>1 minuto<\/td><td>Terceros\/google<\/td><td>Cookie Anal\u00edca de google \/ Google Analytics. Se usa para limitar el porcentaje de solicitudes.<\/td><\/tr><tr><td>_gid<\/td><td>Cookie de an\u00e1lisis<\/td><td>24 horas<\/td><td>Terceros\/google<\/td><td>Cookie Anal\u00edca de google \/ Google Analytics. Se usa para distinguir a los usuarios.<\/td><\/tr><tr><td>_ga<\/td><td>Cookie de an\u00e1lisis<\/td><td>2 a\u00f1os<\/td><td>Terceros\/google<\/td><td>Cookie Anal\u00edca de google \/ Google Analytics. Se usa para distinguir a los usuarios.<\/td><\/tr><tr><td><strong>_GRECAPTCHA<\/strong><\/td><td>Cookie funcional<\/td><td><br>6 meses<\/td><td><a href=\"https:\/\/policies.google.com\/privacy\" target=\"_blank\" rel=\"noreferrer noopener\">Google<\/a><\/td><td>Utilizada para distribuir el tr\u00e1fico al sitio web en varios servidores para optimizar los tiempos de respuesta.<\/td><\/tr><tr><td><\/td><td><\/td><td><\/td><td><\/td><td><\/td><\/tr><\/tbody><\/table><\/figure>\n\n\n\n<h3 class=\"wp-block-heading\">\u00bfQu\u00e9 tipos de cookies existen?<\/h3>\n\n\n\n<p>A continuaci\u00f3n, informamos a nuestros usuarios que esta p\u00e1gina web utiliza tipos diferentes de cookies que pueden ser clasificadas del siguiente modo:<\/p>\n\n\n\n<h4 class=\"wp-block-heading\">Tipos de cookies seg\u00fan la entidad que las gestione:<\/h4>\n\n\n\n<ul class=\"wp-block-list\">\n<li><strong>Cookies propias:<\/strong>&nbsp;son cookies generadas por la propia p\u00e1gina web que se est\u00e1 visitando.<\/li>\n\n\n\n<li><strong>Cookies de terceros:<\/strong>&nbsp;son cookies generadas por servicios de terceros y que se encuentran alojadas en nuestra web.<\/li>\n<\/ul>\n\n\n\n<h4 class=\"wp-block-heading\"><br>Tipos de cookies seg\u00fan su tiempo de permanencia:<\/h4>\n\n\n\n<ul class=\"wp-block-list\">\n<li><strong>Cookies de sesi\u00f3n:<\/strong>&nbsp;son aquellas dise\u00f1adas para recabar y almacenar datos mientras el usuario accede a una p\u00e1gina web, que no quedan registradas en el disco del usuario.<\/li>\n\n\n\n<li><strong>Cookies persistentes:<\/strong>&nbsp;son aquellas en las que los datos se almacenan en el terminal y pueden ser accedidos y tratados durante un periodo definido por el responsable de la cookie.<\/li>\n<\/ul>\n\n\n\n<h4 class=\"wp-block-heading\"><br>Tipos de cookies seg\u00fan su finalidad:<\/h4>\n\n\n\n<ul class=\"wp-block-list\">\n<li><strong>Cookies t\u00e9cnicas:<\/strong>&nbsp;son aquellas que permiten al usuario navegar a trav\u00e9s de nuestra p\u00e1gina web y utilizar las diferentes opciones o servicios que en ella existen, por ello, se denominan tambi\u00e9n \u201cestrictamente necesarias\u201d.<\/li>\n\n\n\n<li><strong>Cookies de personalizaci\u00f3n:<\/strong>&nbsp;son aquellas que hacen posible recordar informaci\u00f3n para que cada usuario pueda acceder al servicio conforme a sus preferencias (idioma, regi\u00f3n desde la cual accede a la web o n\u00famero de resultado a mostrar cuando se realiza una b\u00fasqueda, por ejemplo).<\/li>\n\n\n\n<li><strong>Cookies de an\u00e1lisis o rendimiento:<\/strong>&nbsp;son aquellas que nos permiten hacer seguimiento y analizar el comportamiento de los usuarios en la web de forma an\u00f3nima (n\u00famero de visitas o criterios de navegaci\u00f3n, por ejemplo).<\/li>\n\n\n\n<li><strong>Cookies de publicidad comportamental:<\/strong>&nbsp;son aquellas que permiten almacenar informaci\u00f3n sobre el comportamiento de los usuarios para as\u00ed poder implementar par\u00e1metros de eficiencia en la publicidad ofrecida en las p\u00e1ginas web.<\/li>\n<\/ul>\n\n\n\n<h4 class=\"wp-block-heading\"><br>Google reCaptcha<\/h4>\n\n\n\n<p>Utilizamos \u00abGoogle reCAPTCHA\u00bb (en lo sucesivo \u201creCAPTCHA\u201d) en nuestro sitio web. Con reCAPTCHA comprobamos si es una persona o un ordenador quien hace ciertas entradas en nuestros formularios de contacto o de boletines. Con reCAPTCHA contrarrestaremos el aumento de registros mediante m\u00e1quinas en cuentas de usuarios y boletines de noticias. En la actualidad, reCAPTCHA es la mejor protecci\u00f3n frente a esa clase de ataques (ataques procedentes de robots).<\/p>\n\n\n\n<p>En cuanto usted accede al sitio web, reCAPTCHA analiza sus interacciones mediante las siguientes caracter\u00edsticas:<\/p>\n\n\n\n<ul class=\"wp-block-list\">\n<li>Direcci\u00f3n IP del dispositivo terminal utilizado.<\/li>\n\n\n\n<li>Fecha y tiempo pasado en el sitio web.<\/li>\n\n\n\n<li>Movimientos con el rat\u00f3n en las superficies de reCAPTCHA y tareas que exigen la identificaci\u00f3n de im\u00e1genes.<\/li>\n\n\n\n<li>Datos de identificaci\u00f3n del navegador y del tipo de sistema operativo utilizado.<\/li>\n\n\n\n<li>Cuenta de Google, si ha iniciado sesi\u00f3n en Google.<\/li>\n<\/ul>\n\n\n\n<p>Los datos recabados durante el an\u00e1lisis se env\u00edan a Google. Seg\u00fan las indicaciones de Google, Google no utiliza la informaci\u00f3n recabada por reCAPTCHA para publicidad personalizada.<\/p>\n\n\n\n<h4 class=\"wp-block-heading\">Google Maps<\/h4>\n\n\n\n<p>En nuestra p\u00e1gina de Internet se utiliza, adem\u00e1s, el servicio de Google Maps. Gracias a dicho servicio podemos mostrarles un mapa interactivo con nuestro emplazamiento directamente en la p\u00e1gina web, lo que permite utilizar c\u00f3modamente la funci\u00f3n de mapas.<\/p>\n\n\n\n<p>Tan pronto como haga clic en nuestra direcci\u00f3n en la navegaci\u00f3n del mapa incrustado en nuestro sitio web, se abrir\u00e1 Google Maps en una nueva pesta\u00f1a. Tenga en cuenta que est\u00e1 sujeto a las Otras condiciones de uso de Google Maps \/ Google Earth, incluida la Declaraci\u00f3n de protecci\u00f3n de datos de Google, si utiliza Google Maps.<\/p>\n\n\n\n<h2 class=\"wp-block-heading\">\u00bfC\u00f3mo puedo desinstalar las cookies?<\/h2>\n\n\n\n<p>El usuario, en su primer acceso al sitio web puede configurar y aceptar o rechazar las cookies en el presente Sitio Web. Posteriormente, el usuario podr\u00e1, en cualquier momento, cambiar o retirar su consentimiento a trav\u00e9s de la presente Pol\u00edtica de Cookies o configurar su navegador.<\/p>\n\n\n\n<p>Los principales navegadores tienen opciones de bloqueo y eliminaci\u00f3n de las cookies, pero el procedimiento puede diferir de un navegador a otro. Para desinstalar las cookies, recomendamos acudir a las instrucciones facilitadas por el fabricante del navegador de Internet del usuario. A continuaci\u00f3n, se indican los links de los principales navegadores y dispositivos:<\/p>\n\n\n\n<ul class=\"wp-block-list\">\n<li><a href=\"https:\/\/support.mozilla.org\/es\/kb\/habilitar-y-deshabilitar-cookies-sitios-web-rastrear-preferencias\" target=\"_blank\" rel=\"noreferrer noopener\">Firefox<\/a><\/li>\n\n\n\n<li><a href=\"https:\/\/support.google.com\/chrome\/answer\/95647?co=GENIE.Platform%3DDesktop&amp;hl=es\" target=\"_blank\" rel=\"noreferrer noopener\">Chrome<\/a><\/li>\n\n\n\n<li><a href=\"https:\/\/support.apple.com\/es-es\/guide\/safari\/sfri11471\/mac\" target=\"_blank\" rel=\"noreferrer noopener\">Safari<\/a><\/li>\n\n\n\n<li><a href=\"https:\/\/support.microsoft.com\/es-es\/help\/17442\/windows-internet-explorer-delete-manage-cookies\" target=\"_blank\" rel=\"noreferrer noopener\">Internet Explorer<\/a><\/li>\n\n\n\n<li><a href=\"https:\/\/privacy.microsoft.com\/es-es\/windows-10-microsoft-edge-and-privacy\" target=\"_blank\" rel=\"noreferrer noopener\">Microsoft Edge<\/a><\/li>\n<\/ul>\n\n\n\n<p>En el caso de dispositivos m\u00f3viles, es habitual que el navegador disponga de estas opciones en el apartado de Ajustes.<\/p>\n\n\n\n<p>No obstante, debe tenerse en cuenta que la configuraci\u00f3n del navegador para rechazar las cookies no permitir\u00e1 mantener las preferencias del usuario y algunas p\u00e1ginas pueden no estar disponibles.<\/p>\n\n\n\n<h2 class=\"wp-block-heading\">Modificaciones de la Pol\u00edtica de Cookies<\/h2>\n\n\n\n<p>La&nbsp;<strong>P\u00e1gina Web<\/strong>&nbsp;reserva el derecho a modificar la presente Pol\u00edtica de Cookies, siempre en los t\u00e9rminos permitidos por la legislaci\u00f3n espa\u00f1ola vigente. Por ello, le recomendamos revisar esta pol\u00edtica cada vez que acceda a nuestro sitio web a los efectos de actualizaci\u00f3n e informaci\u00f3n oportunos.<\/p>\n","protected":false},"excerpt":{"rendered":"<p>Uso de Cookies Este sitio web propiedad de UTE Zarauzko Hiribusa, utiliza cookies propias y de terceros. Las cookies son peque\u00f1os archivos de informaci\u00f3n que se almacenan en el ordenador de quien accede a la p\u00e1gina para el correcto funcionamiento y visualizaci\u00f3n del sitio web, as\u00ed como para la recogida de estad\u00edsticas.\u00a0 Las cookies activas [&hellip;]<\/p>\n","protected":false},"author":6,"featured_media":0,"parent":0,"menu_order":0,"comment_status":"closed","ping_status":"closed","template":"","meta":{"inline_featured_image":false,"footnotes":""},"class_list":["post-25526","page","type-page","status-publish","hentry"],"yoast_head":"<!-- This site is optimized with the Yoast SEO plugin v26.6 - https:\/\/yoast.com\/wordpress\/plugins\/seo\/ -->\n<title>Pol\u00edtica de Cookies - Zarauko Hiribusa<\/title>\n<meta name=\"robots\" content=\"noindex, nofollow\" \/>\n<meta property=\"og:locale\" content=\"es_ES\" \/>\n<meta property=\"og:type\" content=\"article\" \/>\n<meta property=\"og:title\" content=\"Pol\u00edtica de Cookies - Zarauko Hiribusa\" \/>\n<meta property=\"og:description\" content=\"Uso de Cookies Este sitio web propiedad de UTE Zarauzko Hiribusa, utiliza cookies propias y de terceros. Las cookies son peque\u00f1os archivos de informaci\u00f3n que se almacenan en el ordenador de quien accede a la p\u00e1gina para el correcto funcionamiento y visualizaci\u00f3n del sitio web, as\u00ed como para la recogida de estad\u00edsticas.\u00a0 Las cookies activas [&hellip;]\" \/>\n<meta property=\"og:url\" content=\"https:\/\/zarauzkohiribusa.eus\/es\/politica-de-cookies\/\" \/>\n<meta property=\"og:site_name\" content=\"Zarauko Hiribusa\" \/>\n<meta property=\"article:modified_time\" content=\"2024-10-04T23:12:46+00:00\" \/>\n<meta name=\"twitter:card\" content=\"summary_large_image\" \/>\n<meta name=\"twitter:label1\" content=\"Tiempo de lectura\" \/>\n\t<meta name=\"twitter:data1\" content=\"6 minutos\" \/>\n<script type=\"application\/ld+json\" class=\"yoast-schema-graph\">{\"@context\":\"https:\/\/schema.org\",\"@graph\":[{\"@type\":\"WebPage\",\"@id\":\"https:\/\/zarauzkohiribusa.eus\/es\/politica-de-cookies\/\",\"url\":\"https:\/\/zarauzkohiribusa.eus\/es\/politica-de-cookies\/\",\"name\":\"Pol\u00edtica de Cookies - Zarauko Hiribusa\",\"isPartOf\":{\"@id\":\"https:\/\/zarauzkohiribusa.eus\/#website\"},\"datePublished\":\"2024-10-04T23:12:45+00:00\",\"dateModified\":\"2024-10-04T23:12:46+00:00\",\"breadcrumb\":{\"@id\":\"https:\/\/zarauzkohiribusa.eus\/es\/politica-de-cookies\/#breadcrumb\"},\"inLanguage\":\"es\",\"potentialAction\":[{\"@type\":\"ReadAction\",\"target\":[\"https:\/\/zarauzkohiribusa.eus\/es\/politica-de-cookies\/\"]}]},{\"@type\":\"BreadcrumbList\",\"@id\":\"https:\/\/zarauzkohiribusa.eus\/es\/politica-de-cookies\/#breadcrumb\",\"itemListElement\":[{\"@type\":\"ListItem\",\"position\":1,\"name\":\"Portada\",\"item\":\"https:\/\/zarauzkohiribusa.eus\/es\/\"},{\"@type\":\"ListItem\",\"position\":2,\"name\":\"Pol\u00edtica de Cookies\"}]},{\"@type\":\"WebSite\",\"@id\":\"https:\/\/zarauzkohiribusa.eus\/#website\",\"url\":\"https:\/\/zarauzkohiribusa.eus\/\",\"name\":\"Zarauzko Hiribusa\",\"description\":\"El bus de Zarautz - Transporte Urbano de Zarautz\",\"publisher\":{\"@id\":\"https:\/\/zarauzkohiribusa.eus\/#organization\"},\"potentialAction\":[{\"@type\":\"SearchAction\",\"target\":{\"@type\":\"EntryPoint\",\"urlTemplate\":\"https:\/\/zarauzkohiribusa.eus\/?s={search_term_string}\"},\"query-input\":{\"@type\":\"PropertyValueSpecification\",\"valueRequired\":true,\"valueName\":\"search_term_string\"}}],\"inLanguage\":\"es\"},{\"@type\":\"Organization\",\"@id\":\"https:\/\/zarauzkohiribusa.eus\/#organization\",\"name\":\"Zarauzko Hiribusa\",\"url\":\"https:\/\/zarauzkohiribusa.eus\/\",\"logo\":{\"@type\":\"ImageObject\",\"inLanguage\":\"es\",\"@id\":\"https:\/\/zarauzkohiribusa.eus\/#\/schema\/logo\/image\/\",\"url\":\"https:\/\/zarauzkohiribusa.eus\/wp-content\/uploads\/2023\/11\/zarauz-LOGO.webp\",\"contentUrl\":\"https:\/\/zarauzkohiribusa.eus\/wp-content\/uploads\/2023\/11\/zarauz-LOGO.webp\",\"width\":383,\"height\":190,\"caption\":\"Zarauzko Hiribusa\"},\"image\":{\"@id\":\"https:\/\/zarauzkohiribusa.eus\/#\/schema\/logo\/image\/\"}}]}<\/script>\n<!-- \/ Yoast SEO plugin. -->","yoast_head_json":{"title":"Pol\u00edtica de Cookies - Zarauko Hiribusa","robots":{"index":"noindex","follow":"nofollow"},"og_locale":"es_ES","og_type":"article","og_title":"Pol\u00edtica de Cookies - Zarauko Hiribusa","og_description":"Uso de Cookies Este sitio web propiedad de UTE Zarauzko Hiribusa, utiliza cookies propias y de terceros. Las cookies son peque\u00f1os archivos de informaci\u00f3n que se almacenan en el ordenador de quien accede a la p\u00e1gina para el correcto funcionamiento y visualizaci\u00f3n del sitio web, as\u00ed como para la recogida de estad\u00edsticas.\u00a0 Las cookies activas [&hellip;]","og_url":"https:\/\/zarauzkohiribusa.eus\/es\/politica-de-cookies\/","og_site_name":"Zarauko Hiribusa","article_modified_time":"2024-10-04T23:12:46+00:00","twitter_card":"summary_large_image","twitter_misc":{"Tiempo de lectura":"6 minutos"},"schema":{"@context":"https:\/\/schema.org","@graph":[{"@type":"WebPage","@id":"https:\/\/zarauzkohiribusa.eus\/es\/politica-de-cookies\/","url":"https:\/\/zarauzkohiribusa.eus\/es\/politica-de-cookies\/","name":"Pol\u00edtica de Cookies - Zarauko Hiribusa","isPartOf":{"@id":"https:\/\/zarauzkohiribusa.eus\/#website"},"datePublished":"2024-10-04T23:12:45+00:00","dateModified":"2024-10-04T23:12:46+00:00","breadcrumb":{"@id":"https:\/\/zarauzkohiribusa.eus\/es\/politica-de-cookies\/#breadcrumb"},"inLanguage":"es","potentialAction":[{"@type":"ReadAction","target":["https:\/\/zarauzkohiribusa.eus\/es\/politica-de-cookies\/"]}]},{"@type":"BreadcrumbList","@id":"https:\/\/zarauzkohiribusa.eus\/es\/politica-de-cookies\/#breadcrumb","itemListElement":[{"@type":"ListItem","position":1,"name":"Portada","item":"https:\/\/zarauzkohiribusa.eus\/es\/"},{"@type":"ListItem","position":2,"name":"Pol\u00edtica de Cookies"}]},{"@type":"WebSite","@id":"https:\/\/zarauzkohiribusa.eus\/#website","url":"https:\/\/zarauzkohiribusa.eus\/","name":"Zarauzko Hiribusa","description":"El bus de Zarautz - Transporte Urbano de Zarautz","publisher":{"@id":"https:\/\/zarauzkohiribusa.eus\/#organization"},"potentialAction":[{"@type":"SearchAction","target":{"@type":"EntryPoint","urlTemplate":"https:\/\/zarauzkohiribusa.eus\/?s={search_term_string}"},"query-input":{"@type":"PropertyValueSpecification","valueRequired":true,"valueName":"search_term_string"}}],"inLanguage":"es"},{"@type":"Organization","@id":"https:\/\/zarauzkohiribusa.eus\/#organization","name":"Zarauzko Hiribusa","url":"https:\/\/zarauzkohiribusa.eus\/","logo":{"@type":"ImageObject","inLanguage":"es","@id":"https:\/\/zarauzkohiribusa.eus\/#\/schema\/logo\/image\/","url":"https:\/\/zarauzkohiribusa.eus\/wp-content\/uploads\/2023\/11\/zarauz-LOGO.webp","contentUrl":"https:\/\/zarauzkohiribusa.eus\/wp-content\/uploads\/2023\/11\/zarauz-LOGO.webp","width":383,"height":190,"caption":"Zarauzko Hiribusa"},"image":{"@id":"https:\/\/zarauzkohiribusa.eus\/#\/schema\/logo\/image\/"}}]}},"_links":{"self":[{"href":"https:\/\/zarauzkohiribusa.eus\/es\/wp-json\/wp\/v2\/pages\/25526","targetHints":{"allow":["GET"]}}],"collection":[{"href":"https:\/\/zarauzkohiribusa.eus\/es\/wp-json\/wp\/v2\/pages"}],"about":[{"href":"https:\/\/zarauzkohiribusa.eus\/es\/wp-json\/wp\/v2\/types\/page"}],"author":[{"embeddable":true,"href":"https:\/\/zarauzkohiribusa.eus\/es\/wp-json\/wp\/v2\/users\/6"}],"replies":[{"embeddable":true,"href":"https:\/\/zarauzkohiribusa.eus\/es\/wp-json\/wp\/v2\/comments?post=25526"}],"version-history":[{"count":0,"href":"https:\/\/zarauzkohiribusa.eus\/es\/wp-json\/wp\/v2\/pages\/25526\/revisions"}],"wp:attachment":[{"href":"https:\/\/zarauzkohiribusa.eus\/es\/wp-json\/wp\/v2\/media?parent=25526"}],"curies":[{"name":"wp","href":"https:\/\/api.w.org\/{rel}","templated":true}]}}